{"id":1959,"date":"2021-11-26T14:50:45","date_gmt":"2021-11-26T14:50:45","guid":{"rendered":"https:\/\/instantpadel.eu\/?page_id=1959"},"modified":"2022-09-13T14:14:00","modified_gmt":"2022-09-13T14:14:00","slug":"hotellerie-et-immobilier","status":"publish","type":"page","link":"https:\/\/instantcourts.com\/instantpadel\/fr\/hotellerie-et-immobilier\/","title":{"rendered":"H\u00f4tellerie et immobilier"},"content":{"rendered":"\t\t<div data-elementor-type=\"wp-page\" data-elementor-id=\"1959\" class=\"elementor elementor-1959\" data-elementor-post-type=\"page\">\n\t\t\t\t\t\t<section class=\"elementor-section elementor-top-section elementor-element elementor-element-d650392 elementor-section-boxed elementor-section-height-default elementor-section-height-default\" data-id=\"d650392\" data-element_type=\"section\" data-e-type=\"section\">\n\t\t\t\t\t\t<div class=\"elementor-container elementor-column-gap-default\">\n\t\t\t\t\t<div class=\"elementor-column elementor-col-100 elementor-top-column elementor-element elementor-element-d625ddf\" data-id=\"d625ddf\" data-element_type=\"column\" data-e-type=\"column\">\n\t\t\t<div class=\"elementor-widget-wrap elementor-element-populated\">\n\t\t\t\t\t\t<div class=\"elementor-element elementor-element-5dca36e elementor-widget elementor-widget-text-editor\" data-id=\"5dca36e\" data-element_type=\"widget\" data-e-type=\"widget\" data-widget_type=\"text-editor.default\">\n\t\t\t\t<div class=\"elementor-widget-container\">\n\t\t\t\t\t\t\t\t\t\n<p>Les cours modulaires Instantpadel, faciles \u00e0 installer, permettent une mise en place rapide. Le padel peut \u00eatre pratiqu\u00e9 pendant une semaine, un mois, une partie de la saison estivale ou toute l&#8217;ann\u00e9e. Comme l&#8217;installation peut se faire \u00e0 l&#8217;int\u00e9rieur ou \u00e0 l&#8217;ext\u00e9rieur, les cours Instantpadel peuvent \u00eatre utilis\u00e9es \u00e0 n&#8217;importe quel endroit.<\/p>\n<p>Le padel est le sport qui conna\u00eet la croissance la plus rapide dans le monde. Faciliter la pratique de ce sport permet d&#8217;augmenter les revenus et la valeur ajout\u00e9e des h\u00f4tels, des parcs de vacances ou des complexes d&#8217;appartements. Gr\u00e2ce \u00e0 son faible poids et \u00e0 sa conception modulaire, ce potentiel peut \u00eatre facilement exploit\u00e9, que ce soit sur les toits ou dans les sous-sols, sur les courts de tennis existants ou dans les parkings.<\/p>\n<p>La conception modulaire, sans terrassement lourd, signifie \u00e9galement que, dans la plupart des cas, aucun permis de construire n&#8217;est n\u00e9cessaire. Cela permet d&#8217;agir rapidement et sans encombre.<\/p>\n<p>Contactez nous pour un <a href=\"https:\/\/instantcourts.test\/instantpadel\/buy\/\" data-type=\"page\" data-id=\"294\">citation<\/a>.<\/p>\n\n<figure class=\"wp-block-gallery columns-3 is-cropped wp-block-gallery-2 is-layout-flex wp-block-gallery-is-layout-flex\">\n<ul class=\"blocks-gallery-grid\">\n<li class=\"blocks-gallery-item\">\n<figure>\n<p><img fetchpriority=\"high\" decoding=\"async\" class=\"wp-image-5094 size-medium\" src=\"https:\/\/instantcourts.test\/instantpadel\/wp-content\/uploads\/Hospitality-Event-Padel-Court-web-300x200.png\" alt=\"Hospitality and events padel court\" width=\"300\" height=\"200\" data-id=\"229\" data-full-url=\"https:\/\/instantcourts.test\/instantpadel\/wp-content\/uploads\/2021\/08\/WhatsApp-Image-2021-07-29-at-11.16.38.jpeg\" data-link=\"https:\/\/instantcourts.test\/instantpadel\/en\/leisure\/whatsapp-image-2021-07-29-at-11-16-38\/\" srcset=\"https:\/\/instantcourts.com\/instantpadel\/wp-content\/uploads\/sites\/2\/Hospitality-Event-Padel-Court-web-300x200.png 300w, https:\/\/instantcourts.com\/instantpadel\/wp-content\/uploads\/sites\/2\/Hospitality-Event-Padel-Court-web-768x512.png 768w, https:\/\/instantcourts.com\/instantpadel\/wp-content\/uploads\/sites\/2\/Hospitality-Event-Padel-Court-web.png 1024w\" sizes=\"(max-width: 300px) 100vw, 300px\" \/><\/p>\n<\/figure>\n<\/li>\n<li class=\"blocks-gallery-item\">\n<figure><img decoding=\"async\" class=\"alignnone wp-image-5095 size-medium\" src=\"https:\/\/instantcourts.test\/instantpadel\/wp-content\/uploads\/Hospitality-Events-Padel-web-e1663068775861-300x200.png\" alt=\"\" width=\"300\" height=\"200\" data-id=\"230\" data-full-url=\"https:\/\/instantcourts.test\/instantpadel\/wp-content\/uploads\/2021\/08\/WhatsApp-Image-2021-07-29-at-11.16.39.jpeg\" data-link=\"https:\/\/instantcourts.test\/instantpadel\/en\/leisure\/whatsapp-image-2021-07-29-at-11-16-39-2\/\" srcset=\"https:\/\/instantcourts.com\/instantpadel\/wp-content\/uploads\/sites\/2\/Hospitality-Events-Padel-web-e1663068775861-300x200.png 300w, https:\/\/instantcourts.com\/instantpadel\/wp-content\/uploads\/sites\/2\/Hospitality-Events-Padel-web-e1663068775861.png 482w\" sizes=\"(max-width: 300px) 100vw, 300px\" \/><\/figure>\n<\/li>\n<li class=\"blocks-gallery-item\">\n<figure><img decoding=\"async\" class=\"alignnone wp-image-5096 size-medium\" src=\"https:\/\/instantcourts.test\/instantpadel\/wp-content\/uploads\/Instantpadel-Hospitality-and-Events-Padel-300x200.png\" alt=\"\" width=\"300\" height=\"200\" data-id=\"231\" data-full-url=\"https:\/\/instantcourts.test\/instantpadel\/wp-content\/uploads\/2021\/08\/WhatsApp-Image-2021-07-29-at-11.16.41.jpeg\" data-link=\"https:\/\/instantcourts.test\/instantpadel\/en\/leisure\/whatsapp-image-2021-07-29-at-11-16-41\/\" srcset=\"https:\/\/instantcourts.com\/instantpadel\/wp-content\/uploads\/sites\/2\/Instantpadel-Hospitality-and-Events-Padel-300x200.png 300w, https:\/\/instantcourts.com\/instantpadel\/wp-content\/uploads\/sites\/2\/Instantpadel-Hospitality-and-Events-Padel-768x512.png 768w, https:\/\/instantcourts.com\/instantpadel\/wp-content\/uploads\/sites\/2\/Instantpadel-Hospitality-and-Events-Padel.png 1024w\" sizes=\"(max-width: 300px) 100vw, 300px\" \/><\/figure>\n<\/li>\n<\/ul>\n<\/figure>\n\t\t\t\t\t\t\t\t<\/div>\n\t\t\t\t<\/div>\n\t\t\t\t\t<\/div>\n\t\t<\/div>\n\t\t\t\t\t<\/div>\n\t\t<\/section>\n\t\t\t\t<\/div>\n\t\t","protected":false},"excerpt":{"rendered":"<p>Les cours modulaires Instantpadel, faciles \u00e0 installer, permettent une mise en place rapide. Le padel peut \u00eatre pratiqu\u00e9 pendant une semaine, un mois, une partie de la saison estivale ou toute l&#8217;ann\u00e9e. Comme l&#8217;installation peut se faire \u00e0 l&#8217;int\u00e9rieur ou \u00e0 l&#8217;ext\u00e9rieur, les cours Instantpadel peuvent \u00eatre utilis\u00e9es \u00e0 n&#8217;importe quel endroit. Le padel est [&hellip;]<\/p>\n","protected":false},"author":3,"featured_media":5094,"parent":0,"menu_order":0,"comment_status":"closed","ping_status":"closed","template":"","meta":{"_acf_changed":false,"footnotes":""},"class_list":["post-1959","page","type-page","status-publish","has-post-thumbnail","hentry"],"yoast_head":"<!-- This site is optimized with the Yoast SEO plugin v27.4 - https:\/\/yoast.com\/product\/yoast-seo-wordpress\/ -->\n<title>H\u00f4tellerie et immobilier - Instantpadel<\/title>\n<meta name=\"robots\" content=\"index, follow, max-snippet:-1, max-image-preview:large, max-video-preview:-1\" \/>\n<link rel=\"canonical\" href=\"https:\/\/instantcourts.com\/instantpadel\/fr\/hotellerie-et-immobilier\/\" \/>\n<meta property=\"og:locale\" content=\"en_US\" \/>\n<meta property=\"og:type\" content=\"article\" \/>\n<meta property=\"og:title\" content=\"H\u00f4tellerie et immobilier - Instantpadel\" \/>\n<meta property=\"og:description\" content=\"Les cours modulaires Instantpadel, faciles \u00e0 installer, permettent une mise en place rapide. Le padel peut \u00eatre pratiqu\u00e9 pendant une semaine, un mois, une partie de la saison estivale ou toute l&#8217;ann\u00e9e. Comme l&#8217;installation peut se faire \u00e0 l&#8217;int\u00e9rieur ou \u00e0 l&#8217;ext\u00e9rieur, les cours Instantpadel peuvent \u00eatre utilis\u00e9es \u00e0 n&#8217;importe quel endroit. Le padel est [&hellip;]\" \/>\n<meta property=\"og:url\" content=\"https:\/\/instantcourts.com\/instantpadel\/fr\/hotellerie-et-immobilier\/\" \/>\n<meta property=\"og:site_name\" content=\"Instantpadel\" \/>\n<meta property=\"article:publisher\" content=\"https:\/\/www.facebook.com\/Instantpadel\/\" \/>\n<meta property=\"article:modified_time\" content=\"2022-09-13T14:14:00+00:00\" \/>\n<meta property=\"og:image\" content=\"https:\/\/instantcourts.com\/instantpadel\/wp-content\/uploads\/sites\/2\/Hospitality-Event-Padel-Court-web.png\" \/>\n\t<meta property=\"og:image:width\" content=\"1024\" \/>\n\t<meta property=\"og:image:height\" content=\"682\" \/>\n\t<meta property=\"og:image:type\" content=\"image\/png\" \/>\n<meta name=\"twitter:card\" content=\"summary_large_image\" \/>\n<meta name=\"twitter:label1\" content=\"Est. reading time\" \/>\n\t<meta name=\"twitter:data1\" content=\"2 minutes\" \/>\n<script type=\"application\/ld+json\" class=\"yoast-schema-graph\">{\"@context\":\"https:\\\/\\\/schema.org\",\"@graph\":[{\"@type\":\"WebPage\",\"@id\":\"https:\\\/\\\/instantcourts.com\\\/instantpadel\\\/fr\\\/hotellerie-et-immobilier\\\/\",\"url\":\"https:\\\/\\\/instantcourts.com\\\/instantpadel\\\/fr\\\/hotellerie-et-immobilier\\\/\",\"name\":\"H\u00f4tellerie et immobilier - Instantpadel\",\"isPartOf\":{\"@id\":\"https:\\\/\\\/instantcourts.com\\\/instantpadel\\\/#website\"},\"primaryImageOfPage\":{\"@id\":\"https:\\\/\\\/instantcourts.com\\\/instantpadel\\\/fr\\\/hotellerie-et-immobilier\\\/#primaryimage\"},\"image\":{\"@id\":\"https:\\\/\\\/instantcourts.com\\\/instantpadel\\\/fr\\\/hotellerie-et-immobilier\\\/#primaryimage\"},\"thumbnailUrl\":\"https:\\\/\\\/instantcourts.com\\\/instantpadel\\\/wp-content\\\/uploads\\\/sites\\\/2\\\/Hospitality-Event-Padel-Court-web.png\",\"datePublished\":\"2021-11-26T14:50:45+00:00\",\"dateModified\":\"2022-09-13T14:14:00+00:00\",\"breadcrumb\":{\"@id\":\"https:\\\/\\\/instantcourts.com\\\/instantpadel\\\/fr\\\/hotellerie-et-immobilier\\\/#breadcrumb\"},\"inLanguage\":\"en-US\",\"potentialAction\":[{\"@type\":\"ReadAction\",\"target\":[\"https:\\\/\\\/instantcourts.com\\\/instantpadel\\\/fr\\\/hotellerie-et-immobilier\\\/\"]}]},{\"@type\":\"ImageObject\",\"inLanguage\":\"en-US\",\"@id\":\"https:\\\/\\\/instantcourts.com\\\/instantpadel\\\/fr\\\/hotellerie-et-immobilier\\\/#primaryimage\",\"url\":\"https:\\\/\\\/instantcourts.com\\\/instantpadel\\\/wp-content\\\/uploads\\\/sites\\\/2\\\/Hospitality-Event-Padel-Court-web.png\",\"contentUrl\":\"https:\\\/\\\/instantcourts.com\\\/instantpadel\\\/wp-content\\\/uploads\\\/sites\\\/2\\\/Hospitality-Event-Padel-Court-web.png\",\"width\":1024,\"height\":682,\"caption\":\"Hospitality and events padel cour\"},{\"@type\":\"BreadcrumbList\",\"@id\":\"https:\\\/\\\/instantcourts.com\\\/instantpadel\\\/fr\\\/hotellerie-et-immobilier\\\/#breadcrumb\",\"itemListElement\":[{\"@type\":\"ListItem\",\"position\":1,\"name\":\"Home\",\"item\":\"https:\\\/\\\/instantcourts.com\\\/instantpadel\\\/\"},{\"@type\":\"ListItem\",\"position\":2,\"name\":\"H\u00f4tellerie et immobilier\"}]},{\"@type\":\"WebSite\",\"@id\":\"https:\\\/\\\/instantcourts.com\\\/instantpadel\\\/#website\",\"url\":\"https:\\\/\\\/instantcourts.com\\\/instantpadel\\\/\",\"name\":\"Instantpadel\",\"description\":\"Padel Courts the clever way\",\"publisher\":{\"@id\":\"https:\\\/\\\/instantcourts.com\\\/instantpadel\\\/#organization\"},\"potentialAction\":[{\"@type\":\"SearchAction\",\"target\":{\"@type\":\"EntryPoint\",\"urlTemplate\":\"https:\\\/\\\/instantcourts.com\\\/instantpadel\\\/?s={search_term_string}\"},\"query-input\":{\"@type\":\"PropertyValueSpecification\",\"valueRequired\":true,\"valueName\":\"search_term_string\"}}],\"inLanguage\":\"en-US\"},{\"@type\":\"Organization\",\"@id\":\"https:\\\/\\\/instantcourts.com\\\/instantpadel\\\/#organization\",\"name\":\"Instantpadel\",\"url\":\"https:\\\/\\\/instantcourts.com\\\/instantpadel\\\/\",\"logo\":{\"@type\":\"ImageObject\",\"inLanguage\":\"en-US\",\"@id\":\"https:\\\/\\\/instantcourts.com\\\/instantpadel\\\/#\\\/schema\\\/logo\\\/image\\\/\",\"url\":\"https:\\\/\\\/instantcourts.com\\\/instantpadel\\\/wp-content\\\/uploads\\\/sites\\\/2\\\/Instantpadel.webp\",\"contentUrl\":\"https:\\\/\\\/instantcourts.com\\\/instantpadel\\\/wp-content\\\/uploads\\\/sites\\\/2\\\/Instantpadel.webp\",\"width\":2048,\"height\":2048,\"caption\":\"Instantpadel\"},\"image\":{\"@id\":\"https:\\\/\\\/instantcourts.com\\\/instantpadel\\\/#\\\/schema\\\/logo\\\/image\\\/\"},\"sameAs\":[\"https:\\\/\\\/www.facebook.com\\\/Instantpadel\\\/\",\"https:\\\/\\\/www.instagram.com\\\/instantpadel.eu\\\/\",\"https:\\\/\\\/in.linkedin.com\\\/company\\\/instantpadel\"]}]}<\/script>\n<!-- \/ Yoast SEO plugin. -->","yoast_head_json":{"title":"H\u00f4tellerie et immobilier - Instantpadel","robots":{"index":"index","follow":"follow","max-snippet":"max-snippet:-1","max-image-preview":"max-image-preview:large","max-video-preview":"max-video-preview:-1"},"canonical":"https:\/\/instantcourts.com\/instantpadel\/fr\/hotellerie-et-immobilier\/","og_locale":"en_US","og_type":"article","og_title":"H\u00f4tellerie et immobilier - Instantpadel","og_description":"Les cours modulaires Instantpadel, faciles \u00e0 installer, permettent une mise en place rapide. Le padel peut \u00eatre pratiqu\u00e9 pendant une semaine, un mois, une partie de la saison estivale ou toute l&#8217;ann\u00e9e. Comme l&#8217;installation peut se faire \u00e0 l&#8217;int\u00e9rieur ou \u00e0 l&#8217;ext\u00e9rieur, les cours Instantpadel peuvent \u00eatre utilis\u00e9es \u00e0 n&#8217;importe quel endroit. Le padel est [&hellip;]","og_url":"https:\/\/instantcourts.com\/instantpadel\/fr\/hotellerie-et-immobilier\/","og_site_name":"Instantpadel","article_publisher":"https:\/\/www.facebook.com\/Instantpadel\/","article_modified_time":"2022-09-13T14:14:00+00:00","og_image":[{"width":1024,"height":682,"url":"https:\/\/instantcourts.com\/instantpadel\/wp-content\/uploads\/sites\/2\/Hospitality-Event-Padel-Court-web.png","type":"image\/png"}],"twitter_card":"summary_large_image","twitter_misc":{"Est. reading time":"2 minutes"},"schema":{"@context":"https:\/\/schema.org","@graph":[{"@type":"WebPage","@id":"https:\/\/instantcourts.com\/instantpadel\/fr\/hotellerie-et-immobilier\/","url":"https:\/\/instantcourts.com\/instantpadel\/fr\/hotellerie-et-immobilier\/","name":"H\u00f4tellerie et immobilier - Instantpadel","isPartOf":{"@id":"https:\/\/instantcourts.com\/instantpadel\/#website"},"primaryImageOfPage":{"@id":"https:\/\/instantcourts.com\/instantpadel\/fr\/hotellerie-et-immobilier\/#primaryimage"},"image":{"@id":"https:\/\/instantcourts.com\/instantpadel\/fr\/hotellerie-et-immobilier\/#primaryimage"},"thumbnailUrl":"https:\/\/instantcourts.com\/instantpadel\/wp-content\/uploads\/sites\/2\/Hospitality-Event-Padel-Court-web.png","datePublished":"2021-11-26T14:50:45+00:00","dateModified":"2022-09-13T14:14:00+00:00","breadcrumb":{"@id":"https:\/\/instantcourts.com\/instantpadel\/fr\/hotellerie-et-immobilier\/#breadcrumb"},"inLanguage":"en-US","potentialAction":[{"@type":"ReadAction","target":["https:\/\/instantcourts.com\/instantpadel\/fr\/hotellerie-et-immobilier\/"]}]},{"@type":"ImageObject","inLanguage":"en-US","@id":"https:\/\/instantcourts.com\/instantpadel\/fr\/hotellerie-et-immobilier\/#primaryimage","url":"https:\/\/instantcourts.com\/instantpadel\/wp-content\/uploads\/sites\/2\/Hospitality-Event-Padel-Court-web.png","contentUrl":"https:\/\/instantcourts.com\/instantpadel\/wp-content\/uploads\/sites\/2\/Hospitality-Event-Padel-Court-web.png","width":1024,"height":682,"caption":"Hospitality and events padel cour"},{"@type":"BreadcrumbList","@id":"https:\/\/instantcourts.com\/instantpadel\/fr\/hotellerie-et-immobilier\/#breadcrumb","itemListElement":[{"@type":"ListItem","position":1,"name":"Home","item":"https:\/\/instantcourts.com\/instantpadel\/"},{"@type":"ListItem","position":2,"name":"H\u00f4tellerie et immobilier"}]},{"@type":"WebSite","@id":"https:\/\/instantcourts.com\/instantpadel\/#website","url":"https:\/\/instantcourts.com\/instantpadel\/","name":"Instantpadel","description":"Padel Courts the clever way","publisher":{"@id":"https:\/\/instantcourts.com\/instantpadel\/#organization"},"potentialAction":[{"@type":"SearchAction","target":{"@type":"EntryPoint","urlTemplate":"https:\/\/instantcourts.com\/instantpadel\/?s={search_term_string}"},"query-input":{"@type":"PropertyValueSpecification","valueRequired":true,"valueName":"search_term_string"}}],"inLanguage":"en-US"},{"@type":"Organization","@id":"https:\/\/instantcourts.com\/instantpadel\/#organization","name":"Instantpadel","url":"https:\/\/instantcourts.com\/instantpadel\/","logo":{"@type":"ImageObject","inLanguage":"en-US","@id":"https:\/\/instantcourts.com\/instantpadel\/#\/schema\/logo\/image\/","url":"https:\/\/instantcourts.com\/instantpadel\/wp-content\/uploads\/sites\/2\/Instantpadel.webp","contentUrl":"https:\/\/instantcourts.com\/instantpadel\/wp-content\/uploads\/sites\/2\/Instantpadel.webp","width":2048,"height":2048,"caption":"Instantpadel"},"image":{"@id":"https:\/\/instantcourts.com\/instantpadel\/#\/schema\/logo\/image\/"},"sameAs":["https:\/\/www.facebook.com\/Instantpadel\/","https:\/\/www.instagram.com\/instantpadel.eu\/","https:\/\/in.linkedin.com\/company\/instantpadel"]}]}},"acf":[],"_links":{"self":[{"href":"https:\/\/instantcourts.com\/instantpadel\/wp-json\/wp\/v2\/pages\/1959","targetHints":{"allow":["GET"]}}],"collection":[{"href":"https:\/\/instantcourts.com\/instantpadel\/wp-json\/wp\/v2\/pages"}],"about":[{"href":"https:\/\/instantcourts.com\/instantpadel\/wp-json\/wp\/v2\/types\/page"}],"author":[{"embeddable":true,"href":"https:\/\/instantcourts.com\/instantpadel\/wp-json\/wp\/v2\/users\/3"}],"replies":[{"embeddable":true,"href":"https:\/\/instantcourts.com\/instantpadel\/wp-json\/wp\/v2\/comments?post=1959"}],"version-history":[{"count":0,"href":"https:\/\/instantcourts.com\/instantpadel\/wp-json\/wp\/v2\/pages\/1959\/revisions"}],"wp:featuredmedia":[{"embeddable":true,"href":"https:\/\/instantcourts.com\/instantpadel\/wp-json\/wp\/v2\/media\/5094"}],"wp:attachment":[{"href":"https:\/\/instantcourts.com\/instantpadel\/wp-json\/wp\/v2\/media?parent=1959"}],"curies":[{"name":"wp","href":"https:\/\/api.w.org\/{rel}","templated":true}]}}