{"id":2206,"date":"2021-11-29T14:19:30","date_gmt":"2021-11-29T14:19:30","guid":{"rendered":"https:\/\/instantpadel.eu\/?page_id=2206"},"modified":"2022-09-13T14:14:49","modified_gmt":"2022-09-13T14:14:49","slug":"gastgewerbe-und-immobilien","status":"publish","type":"page","link":"https:\/\/instantcourts.com\/instantpadel\/de\/gastgewerbe-und-immobilien\/","title":{"rendered":"Gastgewerbe und Immobilien"},"content":{"rendered":"\t\t<div data-elementor-type=\"wp-page\" data-elementor-id=\"2206\" class=\"elementor elementor-2206\" data-elementor-post-type=\"page\">\n\t\t\t\t\t\t<section class=\"elementor-section elementor-top-section elementor-element elementor-element-51ddf45f elementor-section-boxed elementor-section-height-default elementor-section-height-default\" data-id=\"51ddf45f\" data-element_type=\"section\" data-e-type=\"section\">\n\t\t\t\t\t\t<div class=\"elementor-container elementor-column-gap-default\">\n\t\t\t\t\t<div class=\"elementor-column elementor-col-100 elementor-top-column elementor-element elementor-element-50d062b4\" data-id=\"50d062b4\" data-element_type=\"column\" data-e-type=\"column\">\n\t\t\t<div class=\"elementor-widget-wrap elementor-element-populated\">\n\t\t\t\t\t\t<div class=\"elementor-element elementor-element-6089fd8b elementor-widget elementor-widget-text-editor\" data-id=\"6089fd8b\" data-element_type=\"widget\" data-e-type=\"widget\" data-widget_type=\"text-editor.default\">\n\t\t\t\t<div class=\"elementor-widget-container\">\n\t\t\t\t\t\t\t\t\t\n<p>Die einfach zu installierenden modularen Instantpadel Courts erm\u00f6glichen einen schnellen Aufbau. So kann Padel f\u00fcr eine Woche, einen Monat, einen Teil der Sommersaison oder das ganze Jahr \u00fcber gespielt werden. Da der Aufbau sowohl im Innen- als auch im Au\u00dfenbereich m\u00f6glich ist, k\u00f6nnen die Instantpadel Courts an jedem beliebigen Ort genutzt werden.<\/p>\n<p>Padel ist die am schnellsten wachsende Sportart weltweit und die F\u00f6rderung dieses Sports erm\u00f6glicht mehr Einnahmequellen und einen Mehrwert f\u00fcr Hotels, Ferienparks oder Apartmenth\u00e4user. Durch die M\u00f6glichkeit des Aufbaus auf Fundamenten, in Kellern, auf bestehenden Tennispl\u00e4tzen oder Parkpl\u00e4tzen kann dieses Potenzial durch den niedrigen und modularen Aufbau leicht erschlossen werden.\u00a0<\/p>\n<p>Der modulare Aufbau ohne schwere Erdarbeiten bedeutet auch, dass in den meisten F\u00e4llen keine Baugenehmigung erforderlich ist. Das macht es einfach, schnell und unkompliziert zu handeln.\u00a0<\/p>\n<p>Bitte kontaktieren Sie uns f\u00fcr ein <a href=\"https:\/\/instantcourts.test\/instantpadel\/buy\/\">quote<\/a>.\u00a0<\/p>\n\n<figure class=\"wp-block-image\">\n<p>\u00a0<\/p>\n<p><img fetchpriority=\"high\" decoding=\"async\" class=\"wp-image-5094 size-medium\" src=\"https:\/\/instantcourts.test\/instantpadel\/wp-content\/uploads\/Hospitality-Event-Padel-Court-web-300x200.png\" alt=\"Hospitality and events padel court\" width=\"300\" height=\"200\" srcset=\"https:\/\/instantcourts.com\/instantpadel\/wp-content\/uploads\/sites\/2\/Hospitality-Event-Padel-Court-web-300x200.png 300w, https:\/\/instantcourts.com\/instantpadel\/wp-content\/uploads\/sites\/2\/Hospitality-Event-Padel-Court-web-768x512.png 768w, https:\/\/instantcourts.com\/instantpadel\/wp-content\/uploads\/sites\/2\/Hospitality-Event-Padel-Court-web.png 1024w\" sizes=\"(max-width: 300px) 100vw, 300px\" \/><\/p>\n<\/figure>\n<p>\u00a0 \u00a0 \u00a0 \u00a0\u00a0<\/p>\n\t\t\t\t\t\t\t\t<\/div>\n\t\t\t\t<\/div>\n\t\t\t\t\t<\/div>\n\t\t<\/div>\n\t\t\t\t\t<\/div>\n\t\t<\/section>\n\t\t\t\t<\/div>\n\t\t","protected":false},"excerpt":{"rendered":"<p>Die einfach zu installierenden modularen Instantpadel Courts erm\u00f6glichen einen schnellen Aufbau. So kann Padel f\u00fcr eine Woche, einen Monat, einen Teil der Sommersaison oder das ganze Jahr \u00fcber gespielt werden. Da der Aufbau sowohl im Innen- als auch im Au\u00dfenbereich m\u00f6glich ist, k\u00f6nnen die Instantpadel Courts an jedem beliebigen Ort genutzt werden. Padel ist die [&hellip;]<\/p>\n","protected":false},"author":3,"featured_media":5094,"parent":0,"menu_order":0,"comment_status":"closed","ping_status":"closed","template":"","meta":{"_acf_changed":false,"footnotes":""},"class_list":["post-2206","page","type-page","status-publish","has-post-thumbnail","hentry"],"yoast_head":"<!-- This site is optimized with the Yoast SEO plugin v27.5 - https:\/\/yoast.com\/product\/yoast-seo-wordpress\/ -->\n<title>Gastgewerbe und Immobilien - Instantpadel<\/title>\n<meta name=\"robots\" content=\"index, follow, max-snippet:-1, max-image-preview:large, max-video-preview:-1\" \/>\n<link rel=\"canonical\" href=\"https:\/\/instantcourts.com\/instantpadel\/de\/gastgewerbe-und-immobilien\/\" \/>\n<meta property=\"og:locale\" content=\"en_US\" \/>\n<meta property=\"og:type\" content=\"article\" \/>\n<meta property=\"og:title\" content=\"Gastgewerbe und Immobilien - Instantpadel\" \/>\n<meta property=\"og:description\" content=\"Die einfach zu installierenden modularen Instantpadel Courts erm\u00f6glichen einen schnellen Aufbau. So kann Padel f\u00fcr eine Woche, einen Monat, einen Teil der Sommersaison oder das ganze Jahr \u00fcber gespielt werden. Da der Aufbau sowohl im Innen- als auch im Au\u00dfenbereich m\u00f6glich ist, k\u00f6nnen die Instantpadel Courts an jedem beliebigen Ort genutzt werden. Padel ist die [&hellip;]\" \/>\n<meta property=\"og:url\" content=\"https:\/\/instantcourts.com\/instantpadel\/de\/gastgewerbe-und-immobilien\/\" \/>\n<meta property=\"og:site_name\" content=\"Instantpadel\" \/>\n<meta property=\"article:publisher\" content=\"https:\/\/www.facebook.com\/Instantpadel\/\" \/>\n<meta property=\"article:modified_time\" content=\"2022-09-13T14:14:49+00:00\" \/>\n<meta property=\"og:image\" content=\"https:\/\/instantcourts.com\/instantpadel\/wp-content\/uploads\/sites\/2\/Hospitality-Event-Padel-Court-web.png\" \/>\n\t<meta property=\"og:image:width\" content=\"1024\" \/>\n\t<meta property=\"og:image:height\" content=\"682\" \/>\n\t<meta property=\"og:image:type\" content=\"image\/png\" \/>\n<meta name=\"twitter:card\" content=\"summary_large_image\" \/>\n<meta name=\"twitter:label1\" content=\"Est. reading time\" \/>\n\t<meta name=\"twitter:data1\" content=\"1 minute\" \/>\n<script type=\"application\/ld+json\" class=\"yoast-schema-graph\">{\"@context\":\"https:\\\/\\\/schema.org\",\"@graph\":[{\"@type\":\"WebPage\",\"@id\":\"https:\\\/\\\/instantcourts.com\\\/instantpadel\\\/de\\\/gastgewerbe-und-immobilien\\\/\",\"url\":\"https:\\\/\\\/instantcourts.com\\\/instantpadel\\\/de\\\/gastgewerbe-und-immobilien\\\/\",\"name\":\"Gastgewerbe und Immobilien - Instantpadel\",\"isPartOf\":{\"@id\":\"https:\\\/\\\/instantcourts.com\\\/instantpadel\\\/#website\"},\"primaryImageOfPage\":{\"@id\":\"https:\\\/\\\/instantcourts.com\\\/instantpadel\\\/de\\\/gastgewerbe-und-immobilien\\\/#primaryimage\"},\"image\":{\"@id\":\"https:\\\/\\\/instantcourts.com\\\/instantpadel\\\/de\\\/gastgewerbe-und-immobilien\\\/#primaryimage\"},\"thumbnailUrl\":\"https:\\\/\\\/instantcourts.com\\\/instantpadel\\\/wp-content\\\/uploads\\\/sites\\\/2\\\/Hospitality-Event-Padel-Court-web.png\",\"datePublished\":\"2021-11-29T14:19:30+00:00\",\"dateModified\":\"2022-09-13T14:14:49+00:00\",\"breadcrumb\":{\"@id\":\"https:\\\/\\\/instantcourts.com\\\/instantpadel\\\/de\\\/gastgewerbe-und-immobilien\\\/#breadcrumb\"},\"inLanguage\":\"en-US\",\"potentialAction\":[{\"@type\":\"ReadAction\",\"target\":[\"https:\\\/\\\/instantcourts.com\\\/instantpadel\\\/de\\\/gastgewerbe-und-immobilien\\\/\"]}]},{\"@type\":\"ImageObject\",\"inLanguage\":\"en-US\",\"@id\":\"https:\\\/\\\/instantcourts.com\\\/instantpadel\\\/de\\\/gastgewerbe-und-immobilien\\\/#primaryimage\",\"url\":\"https:\\\/\\\/instantcourts.com\\\/instantpadel\\\/wp-content\\\/uploads\\\/sites\\\/2\\\/Hospitality-Event-Padel-Court-web.png\",\"contentUrl\":\"https:\\\/\\\/instantcourts.com\\\/instantpadel\\\/wp-content\\\/uploads\\\/sites\\\/2\\\/Hospitality-Event-Padel-Court-web.png\",\"width\":1024,\"height\":682,\"caption\":\"Hospitality and events padel cour\"},{\"@type\":\"BreadcrumbList\",\"@id\":\"https:\\\/\\\/instantcourts.com\\\/instantpadel\\\/de\\\/gastgewerbe-und-immobilien\\\/#breadcrumb\",\"itemListElement\":[{\"@type\":\"ListItem\",\"position\":1,\"name\":\"Home\",\"item\":\"https:\\\/\\\/instantcourts.com\\\/instantpadel\\\/\"},{\"@type\":\"ListItem\",\"position\":2,\"name\":\"Gastgewerbe und Immobilien\"}]},{\"@type\":\"WebSite\",\"@id\":\"https:\\\/\\\/instantcourts.com\\\/instantpadel\\\/#website\",\"url\":\"https:\\\/\\\/instantcourts.com\\\/instantpadel\\\/\",\"name\":\"Instantpadel\",\"description\":\"Padel Courts the clever way\",\"publisher\":{\"@id\":\"https:\\\/\\\/instantcourts.com\\\/instantpadel\\\/#organization\"},\"potentialAction\":[{\"@type\":\"SearchAction\",\"target\":{\"@type\":\"EntryPoint\",\"urlTemplate\":\"https:\\\/\\\/instantcourts.com\\\/instantpadel\\\/?s={search_term_string}\"},\"query-input\":{\"@type\":\"PropertyValueSpecification\",\"valueRequired\":true,\"valueName\":\"search_term_string\"}}],\"inLanguage\":\"en-US\"},{\"@type\":\"Organization\",\"@id\":\"https:\\\/\\\/instantcourts.com\\\/instantpadel\\\/#organization\",\"name\":\"Instantpadel\",\"url\":\"https:\\\/\\\/instantcourts.com\\\/instantpadel\\\/\",\"logo\":{\"@type\":\"ImageObject\",\"inLanguage\":\"en-US\",\"@id\":\"https:\\\/\\\/instantcourts.com\\\/instantpadel\\\/#\\\/schema\\\/logo\\\/image\\\/\",\"url\":\"https:\\\/\\\/instantcourts.com\\\/instantpadel\\\/wp-content\\\/uploads\\\/sites\\\/2\\\/Instantpadel.webp\",\"contentUrl\":\"https:\\\/\\\/instantcourts.com\\\/instantpadel\\\/wp-content\\\/uploads\\\/sites\\\/2\\\/Instantpadel.webp\",\"width\":2048,\"height\":2048,\"caption\":\"Instantpadel\"},\"image\":{\"@id\":\"https:\\\/\\\/instantcourts.com\\\/instantpadel\\\/#\\\/schema\\\/logo\\\/image\\\/\"},\"sameAs\":[\"https:\\\/\\\/www.facebook.com\\\/Instantpadel\\\/\",\"https:\\\/\\\/www.instagram.com\\\/instantpadel.eu\\\/\",\"https:\\\/\\\/in.linkedin.com\\\/company\\\/instantpadel\"]}]}<\/script>\n<!-- \/ Yoast SEO plugin. -->","yoast_head_json":{"title":"Gastgewerbe und Immobilien - Instantpadel","robots":{"index":"index","follow":"follow","max-snippet":"max-snippet:-1","max-image-preview":"max-image-preview:large","max-video-preview":"max-video-preview:-1"},"canonical":"https:\/\/instantcourts.com\/instantpadel\/de\/gastgewerbe-und-immobilien\/","og_locale":"en_US","og_type":"article","og_title":"Gastgewerbe und Immobilien - Instantpadel","og_description":"Die einfach zu installierenden modularen Instantpadel Courts erm\u00f6glichen einen schnellen Aufbau. So kann Padel f\u00fcr eine Woche, einen Monat, einen Teil der Sommersaison oder das ganze Jahr \u00fcber gespielt werden. Da der Aufbau sowohl im Innen- als auch im Au\u00dfenbereich m\u00f6glich ist, k\u00f6nnen die Instantpadel Courts an jedem beliebigen Ort genutzt werden. Padel ist die [&hellip;]","og_url":"https:\/\/instantcourts.com\/instantpadel\/de\/gastgewerbe-und-immobilien\/","og_site_name":"Instantpadel","article_publisher":"https:\/\/www.facebook.com\/Instantpadel\/","article_modified_time":"2022-09-13T14:14:49+00:00","og_image":[{"width":1024,"height":682,"url":"https:\/\/instantcourts.com\/instantpadel\/wp-content\/uploads\/sites\/2\/Hospitality-Event-Padel-Court-web.png","type":"image\/png"}],"twitter_card":"summary_large_image","twitter_misc":{"Est. reading time":"1 minute"},"schema":{"@context":"https:\/\/schema.org","@graph":[{"@type":"WebPage","@id":"https:\/\/instantcourts.com\/instantpadel\/de\/gastgewerbe-und-immobilien\/","url":"https:\/\/instantcourts.com\/instantpadel\/de\/gastgewerbe-und-immobilien\/","name":"Gastgewerbe und Immobilien - Instantpadel","isPartOf":{"@id":"https:\/\/instantcourts.com\/instantpadel\/#website"},"primaryImageOfPage":{"@id":"https:\/\/instantcourts.com\/instantpadel\/de\/gastgewerbe-und-immobilien\/#primaryimage"},"image":{"@id":"https:\/\/instantcourts.com\/instantpadel\/de\/gastgewerbe-und-immobilien\/#primaryimage"},"thumbnailUrl":"https:\/\/instantcourts.com\/instantpadel\/wp-content\/uploads\/sites\/2\/Hospitality-Event-Padel-Court-web.png","datePublished":"2021-11-29T14:19:30+00:00","dateModified":"2022-09-13T14:14:49+00:00","breadcrumb":{"@id":"https:\/\/instantcourts.com\/instantpadel\/de\/gastgewerbe-und-immobilien\/#breadcrumb"},"inLanguage":"en-US","potentialAction":[{"@type":"ReadAction","target":["https:\/\/instantcourts.com\/instantpadel\/de\/gastgewerbe-und-immobilien\/"]}]},{"@type":"ImageObject","inLanguage":"en-US","@id":"https:\/\/instantcourts.com\/instantpadel\/de\/gastgewerbe-und-immobilien\/#primaryimage","url":"https:\/\/instantcourts.com\/instantpadel\/wp-content\/uploads\/sites\/2\/Hospitality-Event-Padel-Court-web.png","contentUrl":"https:\/\/instantcourts.com\/instantpadel\/wp-content\/uploads\/sites\/2\/Hospitality-Event-Padel-Court-web.png","width":1024,"height":682,"caption":"Hospitality and events padel cour"},{"@type":"BreadcrumbList","@id":"https:\/\/instantcourts.com\/instantpadel\/de\/gastgewerbe-und-immobilien\/#breadcrumb","itemListElement":[{"@type":"ListItem","position":1,"name":"Home","item":"https:\/\/instantcourts.com\/instantpadel\/"},{"@type":"ListItem","position":2,"name":"Gastgewerbe und Immobilien"}]},{"@type":"WebSite","@id":"https:\/\/instantcourts.com\/instantpadel\/#website","url":"https:\/\/instantcourts.com\/instantpadel\/","name":"Instantpadel","description":"Padel Courts the clever way","publisher":{"@id":"https:\/\/instantcourts.com\/instantpadel\/#organization"},"potentialAction":[{"@type":"SearchAction","target":{"@type":"EntryPoint","urlTemplate":"https:\/\/instantcourts.com\/instantpadel\/?s={search_term_string}"},"query-input":{"@type":"PropertyValueSpecification","valueRequired":true,"valueName":"search_term_string"}}],"inLanguage":"en-US"},{"@type":"Organization","@id":"https:\/\/instantcourts.com\/instantpadel\/#organization","name":"Instantpadel","url":"https:\/\/instantcourts.com\/instantpadel\/","logo":{"@type":"ImageObject","inLanguage":"en-US","@id":"https:\/\/instantcourts.com\/instantpadel\/#\/schema\/logo\/image\/","url":"https:\/\/instantcourts.com\/instantpadel\/wp-content\/uploads\/sites\/2\/Instantpadel.webp","contentUrl":"https:\/\/instantcourts.com\/instantpadel\/wp-content\/uploads\/sites\/2\/Instantpadel.webp","width":2048,"height":2048,"caption":"Instantpadel"},"image":{"@id":"https:\/\/instantcourts.com\/instantpadel\/#\/schema\/logo\/image\/"},"sameAs":["https:\/\/www.facebook.com\/Instantpadel\/","https:\/\/www.instagram.com\/instantpadel.eu\/","https:\/\/in.linkedin.com\/company\/instantpadel"]}]}},"acf":[],"_links":{"self":[{"href":"https:\/\/instantcourts.com\/instantpadel\/wp-json\/wp\/v2\/pages\/2206","targetHints":{"allow":["GET"]}}],"collection":[{"href":"https:\/\/instantcourts.com\/instantpadel\/wp-json\/wp\/v2\/pages"}],"about":[{"href":"https:\/\/instantcourts.com\/instantpadel\/wp-json\/wp\/v2\/types\/page"}],"author":[{"embeddable":true,"href":"https:\/\/instantcourts.com\/instantpadel\/wp-json\/wp\/v2\/users\/3"}],"replies":[{"embeddable":true,"href":"https:\/\/instantcourts.com\/instantpadel\/wp-json\/wp\/v2\/comments?post=2206"}],"version-history":[{"count":0,"href":"https:\/\/instantcourts.com\/instantpadel\/wp-json\/wp\/v2\/pages\/2206\/revisions"}],"wp:featuredmedia":[{"embeddable":true,"href":"https:\/\/instantcourts.com\/instantpadel\/wp-json\/wp\/v2\/media\/5094"}],"wp:attachment":[{"href":"https:\/\/instantcourts.com\/instantpadel\/wp-json\/wp\/v2\/media?parent=2206"}],"curies":[{"name":"wp","href":"https:\/\/api.w.org\/{rel}","templated":true}]}}