{"id":2210,"date":"2021-11-29T14:21:52","date_gmt":"2021-11-29T14:21:52","guid":{"rendered":"https:\/\/instantpadel.eu\/?page_id=2210"},"modified":"2022-09-13T14:11:49","modified_gmt":"2022-09-13T14:11:49","slug":"gastfrihet-och-fastigheter","status":"publish","type":"page","link":"https:\/\/instantcourts.com\/instantpadel\/sv\/gastfrihet-och-fastigheter\/","title":{"rendered":"F\u00f6r fastigheter och hotell"},"content":{"rendered":"\t\t<div data-elementor-type=\"wp-page\" data-elementor-id=\"2210\" class=\"elementor elementor-2210\" data-elementor-post-type=\"page\">\n\t\t\t\t\t\t<section class=\"elementor-section elementor-top-section elementor-element elementor-element-56725fa elementor-section-boxed elementor-section-height-default elementor-section-height-default\" data-id=\"56725fa\" data-element_type=\"section\" data-e-type=\"section\">\n\t\t\t\t\t\t<div class=\"elementor-container elementor-column-gap-default\">\n\t\t\t\t\t<div class=\"elementor-column elementor-col-100 elementor-top-column elementor-element elementor-element-daee359\" data-id=\"daee359\" data-element_type=\"column\" data-e-type=\"column\">\n\t\t\t<div class=\"elementor-widget-wrap elementor-element-populated\">\n\t\t\t\t\t\t<div class=\"elementor-element elementor-element-1d6aa10 elementor-widget elementor-widget-text-editor\" data-id=\"1d6aa10\" data-element_type=\"widget\" data-e-type=\"widget\" data-widget_type=\"text-editor.default\">\n\t\t\t\t<div class=\"elementor-widget-container\">\n\t\t\t\t\t\t\t\t\t\n<p>Instantpadel banan skapar m\u00e5nga nya m\u00f6jligheter f\u00f6r fler akt\u00f6rer som vill koppla padel till sin redan befintliga aff\u00e4rsverksamhet. Fastighetsbolag som vill erbjuda sina hyresg\u00e4ster \u2018\u2019padel n\u00e4ra dig\u201d med syfte att bidra till motion och h\u00e4lsa ut\u00f6ver\u00a0nya int\u00e4kter. Hotell och \u00f6vriga verksamheter inom turism som hel\u00a0eller s\u00e4songsvis vill erbjuda sina g\u00e4ster padel p\u00e5 unika platser inomhus eller utomhus.<\/p>\n<p>\u00a0<\/p>\n\n<figure class=\"wp-block-gallery columns-3 is-cropped wp-block-gallery-2 is-layout-flex wp-block-gallery-is-layout-flex\">\n<ul class=\"blocks-gallery-grid\">\n<li class=\"blocks-gallery-item\">\n<figure><a href=\"https:\/\/instantcourts.test\/instantpadel\/wp-content\/uploads\/2021\/08\/WhatsApp-Image-2021-07-29-at-11.16.38.jpeg\"><img fetchpriority=\"high\" decoding=\"async\" width=\"1024\" height=\"682\" class=\"wp-image-229\" src=\"https:\/\/instantcourts.test\/instantpadel\/wp-content\/uploads\/2021\/08\/WhatsApp-Image-2021-07-29-at-11.16.38-1024x682.jpeg\" alt=\"\" data-id=\"229\" data-full-url=\"https:\/\/instantcourts.test\/instantpadel\/wp-content\/uploads\/2021\/08\/WhatsApp-Image-2021-07-29-at-11.16.38.jpeg\" data-link=\"https:\/\/instantcourts.test\/instantpadel\/en\/leisure\/whatsapp-image-2021-07-29-at-11-16-38\/\" srcset=\"https:\/\/instantcourts.com\/instantpadel\/wp-content\/uploads\/sites\/2\/2021\/08\/WhatsApp-Image-2021-07-29-at-11.16.38-1024x682.jpeg 1024w, https:\/\/instantcourts.com\/instantpadel\/wp-content\/uploads\/sites\/2\/2021\/08\/WhatsApp-Image-2021-07-29-at-11.16.38-300x200.jpeg 300w, https:\/\/instantcourts.com\/instantpadel\/wp-content\/uploads\/sites\/2\/2021\/08\/WhatsApp-Image-2021-07-29-at-11.16.38-768x512.jpeg 768w, https:\/\/instantcourts.com\/instantpadel\/wp-content\/uploads\/sites\/2\/2021\/08\/WhatsApp-Image-2021-07-29-at-11.16.38-1536x1023.jpeg 1536w, https:\/\/instantcourts.com\/instantpadel\/wp-content\/uploads\/sites\/2\/2021\/08\/WhatsApp-Image-2021-07-29-at-11.16.38-600x400.jpeg 600w, https:\/\/instantcourts.com\/instantpadel\/wp-content\/uploads\/sites\/2\/2021\/08\/WhatsApp-Image-2021-07-29-at-11.16.38.jpeg 1600w\" sizes=\"(max-width: 1024px) 100vw, 1024px\" \/><\/a><\/figure>\n<\/li>\n<li class=\"blocks-gallery-item\">\n<figure><img decoding=\"async\" class=\"alignnone wp-image-4032 size-full\" src=\"https:\/\/instantcourts.test\/instantpadel\/wp-content\/uploads\/image-1.jpeg\" alt=\"\" width=\"768\" height=\"1024\" data-id=\"230\" data-full-url=\"https:\/\/instantcourts.test\/instantpadel\/wp-content\/uploads\/2021\/08\/WhatsApp-Image-2021-07-29-at-11.16.39.jpeg\" data-link=\"https:\/\/instantcourts.test\/instantpadel\/en\/leisure\/whatsapp-image-2021-07-29-at-11-16-39-2\/\" srcset=\"https:\/\/instantcourts.com\/instantpadel\/wp-content\/uploads\/sites\/2\/image-1.jpeg 768w, https:\/\/instantcourts.com\/instantpadel\/wp-content\/uploads\/sites\/2\/image-1-225x300.jpeg 225w\" sizes=\"(max-width: 768px) 100vw, 768px\" \/><\/figure>\n<\/li>\n<li class=\"blocks-gallery-item\">\n<figure><img decoding=\"async\" class=\"alignnone wp-image-4031 size-full\" src=\"https:\/\/instantcourts.test\/instantpadel\/wp-content\/uploads\/image.jpeg\" alt=\"\" width=\"1600\" height=\"738\" data-id=\"231\" data-full-url=\"https:\/\/instantcourts.test\/instantpadel\/wp-content\/uploads\/2021\/08\/WhatsApp-Image-2021-07-29-at-11.16.41.jpeg\" data-link=\"https:\/\/instantcourts.test\/instantpadel\/en\/leisure\/whatsapp-image-2021-07-29-at-11-16-41\/\" srcset=\"https:\/\/instantcourts.com\/instantpadel\/wp-content\/uploads\/sites\/2\/image.jpeg 1600w, https:\/\/instantcourts.com\/instantpadel\/wp-content\/uploads\/sites\/2\/image-300x138.jpeg 300w, https:\/\/instantcourts.com\/instantpadel\/wp-content\/uploads\/sites\/2\/image-1024x472.jpeg 1024w, https:\/\/instantcourts.com\/instantpadel\/wp-content\/uploads\/sites\/2\/image-768x354.jpeg 768w, https:\/\/instantcourts.com\/instantpadel\/wp-content\/uploads\/sites\/2\/image-1536x708.jpeg 1536w\" sizes=\"(max-width: 1600px) 100vw, 1600px\" \/><\/figure>\n<\/li>\n<\/ul>\n<\/figure>\n\t\t\t\t\t\t\t\t<\/div>\n\t\t\t\t<\/div>\n\t\t\t\t\t<\/div>\n\t\t<\/div>\n\t\t\t\t\t<\/div>\n\t\t<\/section>\n\t\t\t\t<\/div>\n\t\t","protected":false},"excerpt":{"rendered":"<p>Instantpadel banan skapar m\u00e5nga nya m\u00f6jligheter f\u00f6r fler akt\u00f6rer som vill koppla padel till sin redan befintliga aff\u00e4rsverksamhet. Fastighetsbolag som vill erbjuda sina hyresg\u00e4ster \u2018\u2019padel n\u00e4ra dig\u201d med syfte att bidra till motion och h\u00e4lsa ut\u00f6ver&nbsp;nya int\u00e4kter. Hotell och \u00f6vriga verksamheter inom turism som hel&nbsp;eller s\u00e4songsvis vill erbjuda sina g\u00e4ster padel p\u00e5 unika platser inomhus [&hellip;]<\/p>\n","protected":false},"author":3,"featured_media":5094,"parent":0,"menu_order":0,"comment_status":"closed","ping_status":"closed","template":"","meta":{"_acf_changed":false,"footnotes":""},"class_list":["post-2210","page","type-page","status-publish","has-post-thumbnail","hentry"],"yoast_head":"<!-- This site is optimized with the Yoast SEO plugin v27.4 - https:\/\/yoast.com\/product\/yoast-seo-wordpress\/ -->\n<title>F\u00f6r fastigheter och hotell - Instantpadel<\/title>\n<meta name=\"robots\" content=\"index, follow, max-snippet:-1, max-image-preview:large, max-video-preview:-1\" \/>\n<link rel=\"canonical\" href=\"https:\/\/instantcourts.com\/instantpadel\/sv\/gastfrihet-och-fastigheter\/\" \/>\n<meta property=\"og:locale\" content=\"en_US\" \/>\n<meta property=\"og:type\" content=\"article\" \/>\n<meta property=\"og:title\" content=\"F\u00f6r fastigheter och hotell - Instantpadel\" \/>\n<meta property=\"og:description\" content=\"Instantpadel banan skapar m\u00e5nga nya m\u00f6jligheter f\u00f6r fler akt\u00f6rer som vill koppla padel till sin redan befintliga aff\u00e4rsverksamhet. Fastighetsbolag som vill erbjuda sina hyresg\u00e4ster \u2018\u2019padel n\u00e4ra dig\u201d med syfte att bidra till motion och h\u00e4lsa ut\u00f6ver&nbsp;nya int\u00e4kter. Hotell och \u00f6vriga verksamheter inom turism som hel&nbsp;eller s\u00e4songsvis vill erbjuda sina g\u00e4ster padel p\u00e5 unika platser inomhus [&hellip;]\" \/>\n<meta property=\"og:url\" content=\"https:\/\/instantcourts.com\/instantpadel\/sv\/gastfrihet-och-fastigheter\/\" \/>\n<meta property=\"og:site_name\" content=\"Instantpadel\" \/>\n<meta property=\"article:publisher\" content=\"https:\/\/www.facebook.com\/Instantpadel\/\" \/>\n<meta property=\"article:modified_time\" content=\"2022-09-13T14:11:49+00:00\" \/>\n<meta property=\"og:image\" content=\"https:\/\/instantcourts.com\/instantpadel\/wp-content\/uploads\/sites\/2\/Hospitality-Event-Padel-Court-web.png\" \/>\n\t<meta property=\"og:image:width\" content=\"1024\" \/>\n\t<meta property=\"og:image:height\" content=\"682\" \/>\n\t<meta property=\"og:image:type\" content=\"image\/png\" \/>\n<meta name=\"twitter:card\" content=\"summary_large_image\" \/>\n<meta name=\"twitter:label1\" content=\"Est. reading time\" \/>\n\t<meta name=\"twitter:data1\" content=\"1 minute\" \/>\n<script type=\"application\/ld+json\" class=\"yoast-schema-graph\">{\"@context\":\"https:\\\/\\\/schema.org\",\"@graph\":[{\"@type\":\"WebPage\",\"@id\":\"https:\\\/\\\/instantcourts.com\\\/instantpadel\\\/sv\\\/gastfrihet-och-fastigheter\\\/\",\"url\":\"https:\\\/\\\/instantcourts.com\\\/instantpadel\\\/sv\\\/gastfrihet-och-fastigheter\\\/\",\"name\":\"F\u00f6r fastigheter och hotell - Instantpadel\",\"isPartOf\":{\"@id\":\"https:\\\/\\\/instantcourts.com\\\/instantpadel\\\/#website\"},\"primaryImageOfPage\":{\"@id\":\"https:\\\/\\\/instantcourts.com\\\/instantpadel\\\/sv\\\/gastfrihet-och-fastigheter\\\/#primaryimage\"},\"image\":{\"@id\":\"https:\\\/\\\/instantcourts.com\\\/instantpadel\\\/sv\\\/gastfrihet-och-fastigheter\\\/#primaryimage\"},\"thumbnailUrl\":\"https:\\\/\\\/instantcourts.com\\\/instantpadel\\\/wp-content\\\/uploads\\\/sites\\\/2\\\/Hospitality-Event-Padel-Court-web.png\",\"datePublished\":\"2021-11-29T14:21:52+00:00\",\"dateModified\":\"2022-09-13T14:11:49+00:00\",\"breadcrumb\":{\"@id\":\"https:\\\/\\\/instantcourts.com\\\/instantpadel\\\/sv\\\/gastfrihet-och-fastigheter\\\/#breadcrumb\"},\"inLanguage\":\"en-US\",\"potentialAction\":[{\"@type\":\"ReadAction\",\"target\":[\"https:\\\/\\\/instantcourts.com\\\/instantpadel\\\/sv\\\/gastfrihet-och-fastigheter\\\/\"]}]},{\"@type\":\"ImageObject\",\"inLanguage\":\"en-US\",\"@id\":\"https:\\\/\\\/instantcourts.com\\\/instantpadel\\\/sv\\\/gastfrihet-och-fastigheter\\\/#primaryimage\",\"url\":\"https:\\\/\\\/instantcourts.com\\\/instantpadel\\\/wp-content\\\/uploads\\\/sites\\\/2\\\/Hospitality-Event-Padel-Court-web.png\",\"contentUrl\":\"https:\\\/\\\/instantcourts.com\\\/instantpadel\\\/wp-content\\\/uploads\\\/sites\\\/2\\\/Hospitality-Event-Padel-Court-web.png\",\"width\":1024,\"height\":682,\"caption\":\"Hospitality and events padel cour\"},{\"@type\":\"BreadcrumbList\",\"@id\":\"https:\\\/\\\/instantcourts.com\\\/instantpadel\\\/sv\\\/gastfrihet-och-fastigheter\\\/#breadcrumb\",\"itemListElement\":[{\"@type\":\"ListItem\",\"position\":1,\"name\":\"Home\",\"item\":\"https:\\\/\\\/instantcourts.com\\\/instantpadel\\\/\"},{\"@type\":\"ListItem\",\"position\":2,\"name\":\"F\u00f6r fastigheter och hotell\"}]},{\"@type\":\"WebSite\",\"@id\":\"https:\\\/\\\/instantcourts.com\\\/instantpadel\\\/#website\",\"url\":\"https:\\\/\\\/instantcourts.com\\\/instantpadel\\\/\",\"name\":\"Instantpadel\",\"description\":\"Padel Courts the clever way\",\"publisher\":{\"@id\":\"https:\\\/\\\/instantcourts.com\\\/instantpadel\\\/#organization\"},\"potentialAction\":[{\"@type\":\"SearchAction\",\"target\":{\"@type\":\"EntryPoint\",\"urlTemplate\":\"https:\\\/\\\/instantcourts.com\\\/instantpadel\\\/?s={search_term_string}\"},\"query-input\":{\"@type\":\"PropertyValueSpecification\",\"valueRequired\":true,\"valueName\":\"search_term_string\"}}],\"inLanguage\":\"en-US\"},{\"@type\":\"Organization\",\"@id\":\"https:\\\/\\\/instantcourts.com\\\/instantpadel\\\/#organization\",\"name\":\"Instantpadel\",\"url\":\"https:\\\/\\\/instantcourts.com\\\/instantpadel\\\/\",\"logo\":{\"@type\":\"ImageObject\",\"inLanguage\":\"en-US\",\"@id\":\"https:\\\/\\\/instantcourts.com\\\/instantpadel\\\/#\\\/schema\\\/logo\\\/image\\\/\",\"url\":\"https:\\\/\\\/instantcourts.com\\\/instantpadel\\\/wp-content\\\/uploads\\\/sites\\\/2\\\/Instantpadel.webp\",\"contentUrl\":\"https:\\\/\\\/instantcourts.com\\\/instantpadel\\\/wp-content\\\/uploads\\\/sites\\\/2\\\/Instantpadel.webp\",\"width\":2048,\"height\":2048,\"caption\":\"Instantpadel\"},\"image\":{\"@id\":\"https:\\\/\\\/instantcourts.com\\\/instantpadel\\\/#\\\/schema\\\/logo\\\/image\\\/\"},\"sameAs\":[\"https:\\\/\\\/www.facebook.com\\\/Instantpadel\\\/\",\"https:\\\/\\\/www.instagram.com\\\/instantpadel.eu\\\/\",\"https:\\\/\\\/in.linkedin.com\\\/company\\\/instantpadel\"]}]}<\/script>\n<!-- \/ Yoast SEO plugin. -->","yoast_head_json":{"title":"F\u00f6r fastigheter och hotell - Instantpadel","robots":{"index":"index","follow":"follow","max-snippet":"max-snippet:-1","max-image-preview":"max-image-preview:large","max-video-preview":"max-video-preview:-1"},"canonical":"https:\/\/instantcourts.com\/instantpadel\/sv\/gastfrihet-och-fastigheter\/","og_locale":"en_US","og_type":"article","og_title":"F\u00f6r fastigheter och hotell - Instantpadel","og_description":"Instantpadel banan skapar m\u00e5nga nya m\u00f6jligheter f\u00f6r fler akt\u00f6rer som vill koppla padel till sin redan befintliga aff\u00e4rsverksamhet. Fastighetsbolag som vill erbjuda sina hyresg\u00e4ster \u2018\u2019padel n\u00e4ra dig\u201d med syfte att bidra till motion och h\u00e4lsa ut\u00f6ver&nbsp;nya int\u00e4kter. Hotell och \u00f6vriga verksamheter inom turism som hel&nbsp;eller s\u00e4songsvis vill erbjuda sina g\u00e4ster padel p\u00e5 unika platser inomhus [&hellip;]","og_url":"https:\/\/instantcourts.com\/instantpadel\/sv\/gastfrihet-och-fastigheter\/","og_site_name":"Instantpadel","article_publisher":"https:\/\/www.facebook.com\/Instantpadel\/","article_modified_time":"2022-09-13T14:11:49+00:00","og_image":[{"width":1024,"height":682,"url":"https:\/\/instantcourts.com\/instantpadel\/wp-content\/uploads\/sites\/2\/Hospitality-Event-Padel-Court-web.png","type":"image\/png"}],"twitter_card":"summary_large_image","twitter_misc":{"Est. reading time":"1 minute"},"schema":{"@context":"https:\/\/schema.org","@graph":[{"@type":"WebPage","@id":"https:\/\/instantcourts.com\/instantpadel\/sv\/gastfrihet-och-fastigheter\/","url":"https:\/\/instantcourts.com\/instantpadel\/sv\/gastfrihet-och-fastigheter\/","name":"F\u00f6r fastigheter och hotell - Instantpadel","isPartOf":{"@id":"https:\/\/instantcourts.com\/instantpadel\/#website"},"primaryImageOfPage":{"@id":"https:\/\/instantcourts.com\/instantpadel\/sv\/gastfrihet-och-fastigheter\/#primaryimage"},"image":{"@id":"https:\/\/instantcourts.com\/instantpadel\/sv\/gastfrihet-och-fastigheter\/#primaryimage"},"thumbnailUrl":"https:\/\/instantcourts.com\/instantpadel\/wp-content\/uploads\/sites\/2\/Hospitality-Event-Padel-Court-web.png","datePublished":"2021-11-29T14:21:52+00:00","dateModified":"2022-09-13T14:11:49+00:00","breadcrumb":{"@id":"https:\/\/instantcourts.com\/instantpadel\/sv\/gastfrihet-och-fastigheter\/#breadcrumb"},"inLanguage":"en-US","potentialAction":[{"@type":"ReadAction","target":["https:\/\/instantcourts.com\/instantpadel\/sv\/gastfrihet-och-fastigheter\/"]}]},{"@type":"ImageObject","inLanguage":"en-US","@id":"https:\/\/instantcourts.com\/instantpadel\/sv\/gastfrihet-och-fastigheter\/#primaryimage","url":"https:\/\/instantcourts.com\/instantpadel\/wp-content\/uploads\/sites\/2\/Hospitality-Event-Padel-Court-web.png","contentUrl":"https:\/\/instantcourts.com\/instantpadel\/wp-content\/uploads\/sites\/2\/Hospitality-Event-Padel-Court-web.png","width":1024,"height":682,"caption":"Hospitality and events padel cour"},{"@type":"BreadcrumbList","@id":"https:\/\/instantcourts.com\/instantpadel\/sv\/gastfrihet-och-fastigheter\/#breadcrumb","itemListElement":[{"@type":"ListItem","position":1,"name":"Home","item":"https:\/\/instantcourts.com\/instantpadel\/"},{"@type":"ListItem","position":2,"name":"F\u00f6r fastigheter och hotell"}]},{"@type":"WebSite","@id":"https:\/\/instantcourts.com\/instantpadel\/#website","url":"https:\/\/instantcourts.com\/instantpadel\/","name":"Instantpadel","description":"Padel Courts the clever way","publisher":{"@id":"https:\/\/instantcourts.com\/instantpadel\/#organization"},"potentialAction":[{"@type":"SearchAction","target":{"@type":"EntryPoint","urlTemplate":"https:\/\/instantcourts.com\/instantpadel\/?s={search_term_string}"},"query-input":{"@type":"PropertyValueSpecification","valueRequired":true,"valueName":"search_term_string"}}],"inLanguage":"en-US"},{"@type":"Organization","@id":"https:\/\/instantcourts.com\/instantpadel\/#organization","name":"Instantpadel","url":"https:\/\/instantcourts.com\/instantpadel\/","logo":{"@type":"ImageObject","inLanguage":"en-US","@id":"https:\/\/instantcourts.com\/instantpadel\/#\/schema\/logo\/image\/","url":"https:\/\/instantcourts.com\/instantpadel\/wp-content\/uploads\/sites\/2\/Instantpadel.webp","contentUrl":"https:\/\/instantcourts.com\/instantpadel\/wp-content\/uploads\/sites\/2\/Instantpadel.webp","width":2048,"height":2048,"caption":"Instantpadel"},"image":{"@id":"https:\/\/instantcourts.com\/instantpadel\/#\/schema\/logo\/image\/"},"sameAs":["https:\/\/www.facebook.com\/Instantpadel\/","https:\/\/www.instagram.com\/instantpadel.eu\/","https:\/\/in.linkedin.com\/company\/instantpadel"]}]}},"acf":[],"_links":{"self":[{"href":"https:\/\/instantcourts.com\/instantpadel\/wp-json\/wp\/v2\/pages\/2210","targetHints":{"allow":["GET"]}}],"collection":[{"href":"https:\/\/instantcourts.com\/instantpadel\/wp-json\/wp\/v2\/pages"}],"about":[{"href":"https:\/\/instantcourts.com\/instantpadel\/wp-json\/wp\/v2\/types\/page"}],"author":[{"embeddable":true,"href":"https:\/\/instantcourts.com\/instantpadel\/wp-json\/wp\/v2\/users\/3"}],"replies":[{"embeddable":true,"href":"https:\/\/instantcourts.com\/instantpadel\/wp-json\/wp\/v2\/comments?post=2210"}],"version-history":[{"count":0,"href":"https:\/\/instantcourts.com\/instantpadel\/wp-json\/wp\/v2\/pages\/2210\/revisions"}],"wp:featuredmedia":[{"embeddable":true,"href":"https:\/\/instantcourts.com\/instantpadel\/wp-json\/wp\/v2\/media\/5094"}],"wp:attachment":[{"href":"https:\/\/instantcourts.com\/instantpadel\/wp-json\/wp\/v2\/media?parent=2210"}],"curies":[{"name":"wp","href":"https:\/\/api.w.org\/{rel}","templated":true}]}}