{"id":2367,"date":"2021-11-30T15:24:48","date_gmt":"2021-11-30T15:24:48","guid":{"rendered":"https:\/\/instantpadel.eu\/?page_id=2367"},"modified":"2022-02-25T10:34:04","modified_gmt":"2022-02-25T10:34:04","slug":"thank-you-sv","status":"publish","type":"page","link":"https:\/\/instantcourts.com\/instantpadel\/sv\/thank-you-sv\/","title":{"rendered":"Tack!"},"content":{"rendered":"\t\t<div data-elementor-type=\"wp-page\" data-elementor-id=\"2367\" class=\"elementor elementor-2367\" data-elementor-post-type=\"page\">\n\t\t\t\t\t\t<section class=\"elementor-section elementor-top-section elementor-element elementor-element-4f0ce81 elementor-section-boxed elementor-section-height-default elementor-section-height-default\" data-id=\"4f0ce81\" data-element_type=\"section\" data-e-type=\"section\">\n\t\t\t\t\t\t<div class=\"elementor-container elementor-column-gap-default\">\n\t\t\t\t\t<div class=\"elementor-column elementor-col-100 elementor-top-column elementor-element elementor-element-20e3b41\" data-id=\"20e3b41\" data-element_type=\"column\" data-e-type=\"column\">\n\t\t\t<div class=\"elementor-widget-wrap elementor-element-populated\">\n\t\t\t\t\t\t<div class=\"elementor-element elementor-element-222748c elementor-widget elementor-widget-text-editor\" data-id=\"222748c\" data-element_type=\"widget\" data-e-type=\"widget\" data-widget_type=\"text-editor.default\">\n\t\t\t\t<div class=\"elementor-widget-container\">\n\t\t\t\t\t\t\t\t\t<p><\/p>\n<p>Tack f\u00f6r din f\u00f6rfr\u00e5gan. Vi \u00e5terkommer till dig s\u00e5 snart som m\u00f6jligt. Har du fler fr\u00e5gor? Du kan<a href=\"https:\/\/instantcourts.test\/instantpadel\/sv\/kontakt-2\/\">\u00a0kontakta oss\u00a0<\/a>direkt!<br \/><br \/><br \/><\/p>\n<p><\/p>\t\t\t\t\t\t\t\t<\/div>\n\t\t\t\t<\/div>\n\t\t\t\t\t<\/div>\n\t\t<\/div>\n\t\t\t\t\t<\/div>\n\t\t<\/section>\n\t\t\t\t<\/div>\n\t\t","protected":false},"excerpt":{"rendered":"<p>Tack f\u00f6r din f\u00f6rfr\u00e5gan. Vi \u00e5terkommer till dig s\u00e5 snart som m\u00f6jligt. Har du fler fr\u00e5gor? Du kan\u00a0kontakta oss\u00a0direkt!<\/p>\n","protected":false},"author":3,"featured_media":1289,"parent":0,"menu_order":0,"comment_status":"closed","ping_status":"closed","template":"","meta":{"_acf_changed":false,"footnotes":""},"class_list":["post-2367","page","type-page","status-publish","has-post-thumbnail","hentry"],"yoast_head":"<!-- This site is optimized with the Yoast SEO plugin v27.4 - https:\/\/yoast.com\/product\/yoast-seo-wordpress\/ -->\n<title>Tack! - Instantpadel<\/title>\n<meta name=\"robots\" content=\"index, follow, max-snippet:-1, max-image-preview:large, max-video-preview:-1\" \/>\n<link rel=\"canonical\" href=\"https:\/\/instantcourts.com\/instantpadel\/sv\/thank-you-sv\/\" \/>\n<meta property=\"og:locale\" content=\"en_US\" \/>\n<meta property=\"og:type\" content=\"article\" \/>\n<meta property=\"og:title\" content=\"Tack! - Instantpadel\" \/>\n<meta property=\"og:description\" content=\"Tack f\u00f6r din f\u00f6rfr\u00e5gan. Vi \u00e5terkommer till dig s\u00e5 snart som m\u00f6jligt. Har du fler fr\u00e5gor? Du kan\u00a0kontakta oss\u00a0direkt!\" \/>\n<meta property=\"og:url\" content=\"https:\/\/instantcourts.com\/instantpadel\/sv\/thank-you-sv\/\" \/>\n<meta property=\"og:site_name\" content=\"Instantpadel\" \/>\n<meta property=\"article:publisher\" content=\"https:\/\/www.facebook.com\/Instantpadel\/\" \/>\n<meta property=\"article:modified_time\" content=\"2022-02-25T10:34:04+00:00\" \/>\n<meta property=\"og:image\" content=\"https:\/\/instantcourts.com\/instantpadel\/wp-content\/uploads\/sites\/2\/2021\/11\/image.jpeg\" \/>\n\t<meta property=\"og:image:width\" content=\"1480\" \/>\n\t<meta property=\"og:image:height\" content=\"832\" \/>\n\t<meta property=\"og:image:type\" content=\"image\/jpeg\" \/>\n<meta name=\"twitter:card\" content=\"summary_large_image\" \/>\n<meta name=\"twitter:label1\" content=\"Est. reading time\" \/>\n\t<meta name=\"twitter:data1\" content=\"1 minute\" \/>\n<script type=\"application\/ld+json\" class=\"yoast-schema-graph\">{\"@context\":\"https:\\\/\\\/schema.org\",\"@graph\":[{\"@type\":\"WebPage\",\"@id\":\"https:\\\/\\\/instantcourts.com\\\/instantpadel\\\/sv\\\/thank-you-sv\\\/\",\"url\":\"https:\\\/\\\/instantcourts.com\\\/instantpadel\\\/sv\\\/thank-you-sv\\\/\",\"name\":\"Tack! - Instantpadel\",\"isPartOf\":{\"@id\":\"https:\\\/\\\/instantcourts.com\\\/instantpadel\\\/#website\"},\"primaryImageOfPage\":{\"@id\":\"https:\\\/\\\/instantcourts.com\\\/instantpadel\\\/sv\\\/thank-you-sv\\\/#primaryimage\"},\"image\":{\"@id\":\"https:\\\/\\\/instantcourts.com\\\/instantpadel\\\/sv\\\/thank-you-sv\\\/#primaryimage\"},\"thumbnailUrl\":\"https:\\\/\\\/instantcourts.com\\\/instantpadel\\\/wp-content\\\/uploads\\\/sites\\\/2\\\/2021\\\/11\\\/image.jpeg\",\"datePublished\":\"2021-11-30T15:24:48+00:00\",\"dateModified\":\"2022-02-25T10:34:04+00:00\",\"breadcrumb\":{\"@id\":\"https:\\\/\\\/instantcourts.com\\\/instantpadel\\\/sv\\\/thank-you-sv\\\/#breadcrumb\"},\"inLanguage\":\"en-US\",\"potentialAction\":[{\"@type\":\"ReadAction\",\"target\":[\"https:\\\/\\\/instantcourts.com\\\/instantpadel\\\/sv\\\/thank-you-sv\\\/\"]}]},{\"@type\":\"ImageObject\",\"inLanguage\":\"en-US\",\"@id\":\"https:\\\/\\\/instantcourts.com\\\/instantpadel\\\/sv\\\/thank-you-sv\\\/#primaryimage\",\"url\":\"https:\\\/\\\/instantcourts.com\\\/instantpadel\\\/wp-content\\\/uploads\\\/sites\\\/2\\\/2021\\\/11\\\/image.jpeg\",\"contentUrl\":\"https:\\\/\\\/instantcourts.com\\\/instantpadel\\\/wp-content\\\/uploads\\\/sites\\\/2\\\/2021\\\/11\\\/image.jpeg\",\"width\":1480,\"height\":832},{\"@type\":\"BreadcrumbList\",\"@id\":\"https:\\\/\\\/instantcourts.com\\\/instantpadel\\\/sv\\\/thank-you-sv\\\/#breadcrumb\",\"itemListElement\":[{\"@type\":\"ListItem\",\"position\":1,\"name\":\"Home\",\"item\":\"https:\\\/\\\/instantcourts.com\\\/instantpadel\\\/\"},{\"@type\":\"ListItem\",\"position\":2,\"name\":\"Tack!\"}]},{\"@type\":\"WebSite\",\"@id\":\"https:\\\/\\\/instantcourts.com\\\/instantpadel\\\/#website\",\"url\":\"https:\\\/\\\/instantcourts.com\\\/instantpadel\\\/\",\"name\":\"Instantpadel\",\"description\":\"Padel Courts the clever way\",\"publisher\":{\"@id\":\"https:\\\/\\\/instantcourts.com\\\/instantpadel\\\/#organization\"},\"potentialAction\":[{\"@type\":\"SearchAction\",\"target\":{\"@type\":\"EntryPoint\",\"urlTemplate\":\"https:\\\/\\\/instantcourts.com\\\/instantpadel\\\/?s={search_term_string}\"},\"query-input\":{\"@type\":\"PropertyValueSpecification\",\"valueRequired\":true,\"valueName\":\"search_term_string\"}}],\"inLanguage\":\"en-US\"},{\"@type\":\"Organization\",\"@id\":\"https:\\\/\\\/instantcourts.com\\\/instantpadel\\\/#organization\",\"name\":\"Instantpadel\",\"url\":\"https:\\\/\\\/instantcourts.com\\\/instantpadel\\\/\",\"logo\":{\"@type\":\"ImageObject\",\"inLanguage\":\"en-US\",\"@id\":\"https:\\\/\\\/instantcourts.com\\\/instantpadel\\\/#\\\/schema\\\/logo\\\/image\\\/\",\"url\":\"https:\\\/\\\/instantcourts.com\\\/instantpadel\\\/wp-content\\\/uploads\\\/sites\\\/2\\\/Instantpadel.webp\",\"contentUrl\":\"https:\\\/\\\/instantcourts.com\\\/instantpadel\\\/wp-content\\\/uploads\\\/sites\\\/2\\\/Instantpadel.webp\",\"width\":2048,\"height\":2048,\"caption\":\"Instantpadel\"},\"image\":{\"@id\":\"https:\\\/\\\/instantcourts.com\\\/instantpadel\\\/#\\\/schema\\\/logo\\\/image\\\/\"},\"sameAs\":[\"https:\\\/\\\/www.facebook.com\\\/Instantpadel\\\/\",\"https:\\\/\\\/www.instagram.com\\\/instantpadel.eu\\\/\",\"https:\\\/\\\/in.linkedin.com\\\/company\\\/instantpadel\"]}]}<\/script>\n<!-- \/ Yoast SEO plugin. -->","yoast_head_json":{"title":"Tack! - Instantpadel","robots":{"index":"index","follow":"follow","max-snippet":"max-snippet:-1","max-image-preview":"max-image-preview:large","max-video-preview":"max-video-preview:-1"},"canonical":"https:\/\/instantcourts.com\/instantpadel\/sv\/thank-you-sv\/","og_locale":"en_US","og_type":"article","og_title":"Tack! - Instantpadel","og_description":"Tack f\u00f6r din f\u00f6rfr\u00e5gan. Vi \u00e5terkommer till dig s\u00e5 snart som m\u00f6jligt. Har du fler fr\u00e5gor? Du kan\u00a0kontakta oss\u00a0direkt!","og_url":"https:\/\/instantcourts.com\/instantpadel\/sv\/thank-you-sv\/","og_site_name":"Instantpadel","article_publisher":"https:\/\/www.facebook.com\/Instantpadel\/","article_modified_time":"2022-02-25T10:34:04+00:00","og_image":[{"width":1480,"height":832,"url":"https:\/\/instantcourts.com\/instantpadel\/wp-content\/uploads\/sites\/2\/2021\/11\/image.jpeg","type":"image\/jpeg"}],"twitter_card":"summary_large_image","twitter_misc":{"Est. reading time":"1 minute"},"schema":{"@context":"https:\/\/schema.org","@graph":[{"@type":"WebPage","@id":"https:\/\/instantcourts.com\/instantpadel\/sv\/thank-you-sv\/","url":"https:\/\/instantcourts.com\/instantpadel\/sv\/thank-you-sv\/","name":"Tack! - Instantpadel","isPartOf":{"@id":"https:\/\/instantcourts.com\/instantpadel\/#website"},"primaryImageOfPage":{"@id":"https:\/\/instantcourts.com\/instantpadel\/sv\/thank-you-sv\/#primaryimage"},"image":{"@id":"https:\/\/instantcourts.com\/instantpadel\/sv\/thank-you-sv\/#primaryimage"},"thumbnailUrl":"https:\/\/instantcourts.com\/instantpadel\/wp-content\/uploads\/sites\/2\/2021\/11\/image.jpeg","datePublished":"2021-11-30T15:24:48+00:00","dateModified":"2022-02-25T10:34:04+00:00","breadcrumb":{"@id":"https:\/\/instantcourts.com\/instantpadel\/sv\/thank-you-sv\/#breadcrumb"},"inLanguage":"en-US","potentialAction":[{"@type":"ReadAction","target":["https:\/\/instantcourts.com\/instantpadel\/sv\/thank-you-sv\/"]}]},{"@type":"ImageObject","inLanguage":"en-US","@id":"https:\/\/instantcourts.com\/instantpadel\/sv\/thank-you-sv\/#primaryimage","url":"https:\/\/instantcourts.com\/instantpadel\/wp-content\/uploads\/sites\/2\/2021\/11\/image.jpeg","contentUrl":"https:\/\/instantcourts.com\/instantpadel\/wp-content\/uploads\/sites\/2\/2021\/11\/image.jpeg","width":1480,"height":832},{"@type":"BreadcrumbList","@id":"https:\/\/instantcourts.com\/instantpadel\/sv\/thank-you-sv\/#breadcrumb","itemListElement":[{"@type":"ListItem","position":1,"name":"Home","item":"https:\/\/instantcourts.com\/instantpadel\/"},{"@type":"ListItem","position":2,"name":"Tack!"}]},{"@type":"WebSite","@id":"https:\/\/instantcourts.com\/instantpadel\/#website","url":"https:\/\/instantcourts.com\/instantpadel\/","name":"Instantpadel","description":"Padel Courts the clever way","publisher":{"@id":"https:\/\/instantcourts.com\/instantpadel\/#organization"},"potentialAction":[{"@type":"SearchAction","target":{"@type":"EntryPoint","urlTemplate":"https:\/\/instantcourts.com\/instantpadel\/?s={search_term_string}"},"query-input":{"@type":"PropertyValueSpecification","valueRequired":true,"valueName":"search_term_string"}}],"inLanguage":"en-US"},{"@type":"Organization","@id":"https:\/\/instantcourts.com\/instantpadel\/#organization","name":"Instantpadel","url":"https:\/\/instantcourts.com\/instantpadel\/","logo":{"@type":"ImageObject","inLanguage":"en-US","@id":"https:\/\/instantcourts.com\/instantpadel\/#\/schema\/logo\/image\/","url":"https:\/\/instantcourts.com\/instantpadel\/wp-content\/uploads\/sites\/2\/Instantpadel.webp","contentUrl":"https:\/\/instantcourts.com\/instantpadel\/wp-content\/uploads\/sites\/2\/Instantpadel.webp","width":2048,"height":2048,"caption":"Instantpadel"},"image":{"@id":"https:\/\/instantcourts.com\/instantpadel\/#\/schema\/logo\/image\/"},"sameAs":["https:\/\/www.facebook.com\/Instantpadel\/","https:\/\/www.instagram.com\/instantpadel.eu\/","https:\/\/in.linkedin.com\/company\/instantpadel"]}]}},"acf":[],"_links":{"self":[{"href":"https:\/\/instantcourts.com\/instantpadel\/wp-json\/wp\/v2\/pages\/2367","targetHints":{"allow":["GET"]}}],"collection":[{"href":"https:\/\/instantcourts.com\/instantpadel\/wp-json\/wp\/v2\/pages"}],"about":[{"href":"https:\/\/instantcourts.com\/instantpadel\/wp-json\/wp\/v2\/types\/page"}],"author":[{"embeddable":true,"href":"https:\/\/instantcourts.com\/instantpadel\/wp-json\/wp\/v2\/users\/3"}],"replies":[{"embeddable":true,"href":"https:\/\/instantcourts.com\/instantpadel\/wp-json\/wp\/v2\/comments?post=2367"}],"version-history":[{"count":0,"href":"https:\/\/instantcourts.com\/instantpadel\/wp-json\/wp\/v2\/pages\/2367\/revisions"}],"wp:featuredmedia":[{"embeddable":true,"href":"https:\/\/instantcourts.com\/instantpadel\/wp-json\/wp\/v2\/media\/1289"}],"wp:attachment":[{"href":"https:\/\/instantcourts.com\/instantpadel\/wp-json\/wp\/v2\/media?parent=2367"}],"curies":[{"name":"wp","href":"https:\/\/api.w.org\/{rel}","templated":true}]}}