{"id":3307,"date":"2021-12-22T11:00:56","date_gmt":"2021-12-22T11:00:56","guid":{"rendered":"https:\/\/instantpadel.eu\/?page_id=3307"},"modified":"2021-12-22T15:02:14","modified_gmt":"2021-12-22T15:02:14","slug":"urheilua-varten","status":"publish","type":"page","link":"https:\/\/instantcourts.com\/instantpadel\/fi\/urheilua-varten\/","title":{"rendered":"Urheilua varten"},"content":{"rendered":"\t\t<div data-elementor-type=\"wp-page\" data-elementor-id=\"3307\" class=\"elementor elementor-3307\" data-elementor-post-type=\"page\">\n\t\t\t\t\t\t<section class=\"elementor-section elementor-top-section elementor-element elementor-element-2f6d38d7 elementor-section-boxed elementor-section-height-default elementor-section-height-default\" data-id=\"2f6d38d7\" data-element_type=\"section\" data-e-type=\"section\">\n\t\t\t\t\t\t<div class=\"elementor-container elementor-column-gap-default\">\n\t\t\t\t\t<div class=\"elementor-column elementor-col-100 elementor-top-column elementor-element elementor-element-65339db9\" data-id=\"65339db9\" data-element_type=\"column\" data-e-type=\"column\">\n\t\t\t<div class=\"elementor-widget-wrap elementor-element-populated\">\n\t\t\t\t\t\t<div class=\"elementor-element elementor-element-15e7a550 elementor-widget elementor-widget-text-editor\" data-id=\"15e7a550\" data-element_type=\"widget\" data-e-type=\"widget\" data-widget_type=\"text-editor.default\">\n\t\t\t\t<div class=\"elementor-widget-container\">\n\t\t\t\t\t\t\t\t\t<p><\/p><p>InstantPadelin avulla seurat tarjoavat j\u00e4senilleen ja pelaajille j\u00e4nnitt\u00e4v\u00e4n mahdollisuuden parantaa terveytt\u00e4\u00e4n ja osallistua kilpailuihin. Kentt\u00e4 on pienikokoinen, verrattavissa puolen tenniskent\u00e4n pinta-alaan. InstantPadel-kent\u00e4t ovat s\u00e4\u00e4nkest\u00e4vi\u00e4, eiv\u00e4tk\u00e4 ne vaadi erityist\u00e4 huoltoa.<\/p><p><\/p>\t\t\t\t\t\t\t\t<\/div>\n\t\t\t\t<\/div>\n\t\t\t\t\t<\/div>\n\t\t<\/div>\n\t\t\t\t\t<\/div>\n\t\t<\/section>\n\t\t\t\t<section class=\"elementor-section elementor-top-section elementor-element elementor-element-00fd536 elementor-section-boxed elementor-section-height-default elementor-section-height-default\" data-id=\"00fd536\" data-element_type=\"section\" data-e-type=\"section\">\n\t\t\t\t\t\t<div class=\"elementor-container elementor-column-gap-default\">\n\t\t\t\t\t<div class=\"elementor-column elementor-col-100 elementor-top-column elementor-element elementor-element-18e14bc\" data-id=\"18e14bc\" data-element_type=\"column\" data-e-type=\"column\">\n\t\t\t<div class=\"elementor-widget-wrap elementor-element-populated\">\n\t\t\t\t\t\t<div class=\"elementor-element elementor-element-45d5417 elementor-widget elementor-widget-gallery\" data-id=\"45d5417\" data-element_type=\"widget\" data-e-type=\"widget\" data-settings=\"{&quot;lazyload&quot;:&quot;yes&quot;,&quot;gallery_layout&quot;:&quot;grid&quot;,&quot;columns&quot;:4,&quot;columns_tablet&quot;:2,&quot;columns_mobile&quot;:1,&quot;gap&quot;:{&quot;unit&quot;:&quot;px&quot;,&quot;size&quot;:10,&quot;sizes&quot;:[]},&quot;gap_tablet&quot;:{&quot;unit&quot;:&quot;px&quot;,&quot;size&quot;:10,&quot;sizes&quot;:[]},&quot;gap_mobile&quot;:{&quot;unit&quot;:&quot;px&quot;,&quot;size&quot;:10,&quot;sizes&quot;:[]},&quot;link_to&quot;:&quot;file&quot;,&quot;aspect_ratio&quot;:&quot;3:2&quot;,&quot;overlay_background&quot;:&quot;yes&quot;,&quot;content_hover_animation&quot;:&quot;fade-in&quot;}\" data-widget_type=\"gallery.default\">\n\t\t\t\t<div class=\"elementor-widget-container\">\n\t\t\t\t\t\t\t<div class=\"elementor-gallery__container\">\n\t\t\t\t\t\t\t<a class=\"e-gallery-item elementor-gallery-item elementor-animated-content\" href=\"https:\/\/instantcourts.com\/instantpadel\/wp-content\/uploads\/sites\/2\/2021\/11\/image.jpeg\" data-elementor-open-lightbox=\"yes\" data-elementor-lightbox-slideshow=\"45d5417\" data-elementor-lightbox-title=\"image\" data-e-action-hash=\"#elementor-action%3Aaction%3Dlightbox%26settings%3DeyJpZCI6MTI4OSwidXJsIjoiaHR0cHM6XC9cL2luc3RhbnRjb3VydHMuY29tXC9pbnN0YW50cGFkZWxcL3dwLWNvbnRlbnRcL3VwbG9hZHNcL3NpdGVzXC8yXC8yMDIxXC8xMVwvaW1hZ2UuanBlZyIsInNsaWRlc2hvdyI6IjQ1ZDU0MTcifQ%3D%3D\">\n\t\t\t\t\t<div class=\"e-gallery-image elementor-gallery-item__image\" data-thumbnail=\"https:\/\/instantcourts.com\/instantpadel\/wp-content\/uploads\/sites\/2\/2021\/11\/image-300x169.jpeg\" data-width=\"300\" data-height=\"169\" aria-label=\"\" role=\"img\" ><\/div>\n\t\t\t\t\t\t\t\t\t\t\t<div class=\"elementor-gallery-item__overlay\"><\/div>\n\t\t\t\t\t\t\t\t\t\t\t\t\t\t<\/a>\n\t\t\t\t\t\t\t<a class=\"e-gallery-item elementor-gallery-item elementor-animated-content\" href=\"https:\/\/instantcourts.com\/instantpadel\/wp-content\/uploads\/sites\/2\/2021\/10\/2.jpg\" data-elementor-open-lightbox=\"yes\" data-elementor-lightbox-slideshow=\"45d5417\" data-elementor-lightbox-title=\"2\" data-e-action-hash=\"#elementor-action%3Aaction%3Dlightbox%26settings%3DeyJpZCI6OTk4LCJ1cmwiOiJodHRwczpcL1wvaW5zdGFudGNvdXJ0cy5jb21cL2luc3RhbnRwYWRlbFwvd3AtY29udGVudFwvdXBsb2Fkc1wvc2l0ZXNcLzJcLzIwMjFcLzEwXC8yLmpwZyIsInNsaWRlc2hvdyI6IjQ1ZDU0MTcifQ%3D%3D\">\n\t\t\t\t\t<div class=\"e-gallery-image elementor-gallery-item__image\" data-thumbnail=\"https:\/\/instantcourts.com\/instantpadel\/wp-content\/uploads\/sites\/2\/2021\/10\/2-300x225.jpg\" data-width=\"300\" data-height=\"225\" aria-label=\"\" role=\"img\" ><\/div>\n\t\t\t\t\t\t\t\t\t\t\t<div class=\"elementor-gallery-item__overlay\"><\/div>\n\t\t\t\t\t\t\t\t\t\t\t\t\t\t<\/a>\n\t\t\t\t\t\t\t<a class=\"e-gallery-item elementor-gallery-item elementor-animated-content\" href=\"https:\/\/instantcourts.com\/instantpadel\/wp-content\/uploads\/sites\/2\/2021\/10\/4.jpg\" data-elementor-open-lightbox=\"yes\" data-elementor-lightbox-slideshow=\"45d5417\" data-elementor-lightbox-title=\"4\" data-e-action-hash=\"#elementor-action%3Aaction%3Dlightbox%26settings%3DeyJpZCI6OTk2LCJ1cmwiOiJodHRwczpcL1wvaW5zdGFudGNvdXJ0cy5jb21cL2luc3RhbnRwYWRlbFwvd3AtY29udGVudFwvdXBsb2Fkc1wvc2l0ZXNcLzJcLzIwMjFcLzEwXC80LmpwZyIsInNsaWRlc2hvdyI6IjQ1ZDU0MTcifQ%3D%3D\">\n\t\t\t\t\t<div class=\"e-gallery-image elementor-gallery-item__image\" data-thumbnail=\"https:\/\/instantcourts.com\/instantpadel\/wp-content\/uploads\/sites\/2\/2021\/10\/4-300x225.jpg\" data-width=\"300\" data-height=\"225\" aria-label=\"\" role=\"img\" ><\/div>\n\t\t\t\t\t\t\t\t\t\t\t<div class=\"elementor-gallery-item__overlay\"><\/div>\n\t\t\t\t\t\t\t\t\t\t\t\t\t\t<\/a>\n\t\t\t\t\t\t\t<a class=\"e-gallery-item elementor-gallery-item elementor-animated-content\" href=\"https:\/\/instantcourts.com\/instantpadel\/wp-content\/uploads\/sites\/2\/2021\/10\/8.jpg\" data-elementor-open-lightbox=\"yes\" data-elementor-lightbox-slideshow=\"45d5417\" data-elementor-lightbox-title=\"8\" data-e-action-hash=\"#elementor-action%3Aaction%3Dlightbox%26settings%3DeyJpZCI6OTkyLCJ1cmwiOiJodHRwczpcL1wvaW5zdGFudGNvdXJ0cy5jb21cL2luc3RhbnRwYWRlbFwvd3AtY29udGVudFwvdXBsb2Fkc1wvc2l0ZXNcLzJcLzIwMjFcLzEwXC84LmpwZyIsInNsaWRlc2hvdyI6IjQ1ZDU0MTcifQ%3D%3D\">\n\t\t\t\t\t<div class=\"e-gallery-image elementor-gallery-item__image\" data-thumbnail=\"https:\/\/instantcourts.com\/instantpadel\/wp-content\/uploads\/sites\/2\/2021\/10\/8-300x225.jpg\" data-width=\"300\" data-height=\"225\" aria-label=\"\" role=\"img\" ><\/div>\n\t\t\t\t\t\t\t\t\t\t\t<div class=\"elementor-gallery-item__overlay\"><\/div>\n\t\t\t\t\t\t\t\t\t\t\t\t\t\t<\/a>\n\t\t\t\t\t\t\t<a class=\"e-gallery-item elementor-gallery-item elementor-animated-content\" href=\"https:\/\/instantcourts.com\/instantpadel\/wp-content\/uploads\/sites\/2\/2021\/10\/7.jpg\" data-elementor-open-lightbox=\"yes\" data-elementor-lightbox-slideshow=\"45d5417\" data-elementor-lightbox-title=\"7\" data-e-action-hash=\"#elementor-action%3Aaction%3Dlightbox%26settings%3DeyJpZCI6OTkzLCJ1cmwiOiJodHRwczpcL1wvaW5zdGFudGNvdXJ0cy5jb21cL2luc3RhbnRwYWRlbFwvd3AtY29udGVudFwvdXBsb2Fkc1wvc2l0ZXNcLzJcLzIwMjFcLzEwXC83LmpwZyIsInNsaWRlc2hvdyI6IjQ1ZDU0MTcifQ%3D%3D\">\n\t\t\t\t\t<div class=\"e-gallery-image elementor-gallery-item__image\" data-thumbnail=\"https:\/\/instantcourts.com\/instantpadel\/wp-content\/uploads\/sites\/2\/2021\/10\/7-300x225.jpg\" data-width=\"300\" data-height=\"225\" aria-label=\"\" role=\"img\" ><\/div>\n\t\t\t\t\t\t\t\t\t\t\t<div class=\"elementor-gallery-item__overlay\"><\/div>\n\t\t\t\t\t\t\t\t\t\t\t\t\t\t<\/a>\n\t\t\t\t\t\t\t<a class=\"e-gallery-item elementor-gallery-item elementor-animated-content\" href=\"https:\/\/instantcourts.com\/instantpadel\/wp-content\/uploads\/sites\/2\/2021\/10\/9.jpg\" data-elementor-open-lightbox=\"yes\" data-elementor-lightbox-slideshow=\"45d5417\" data-elementor-lightbox-title=\"9\" data-e-action-hash=\"#elementor-action%3Aaction%3Dlightbox%26settings%3DeyJpZCI6OTkxLCJ1cmwiOiJodHRwczpcL1wvaW5zdGFudGNvdXJ0cy5jb21cL2luc3RhbnRwYWRlbFwvd3AtY29udGVudFwvdXBsb2Fkc1wvc2l0ZXNcLzJcLzIwMjFcLzEwXC85LmpwZyIsInNsaWRlc2hvdyI6IjQ1ZDU0MTcifQ%3D%3D\">\n\t\t\t\t\t<div class=\"e-gallery-image elementor-gallery-item__image\" data-thumbnail=\"https:\/\/instantcourts.com\/instantpadel\/wp-content\/uploads\/sites\/2\/2021\/10\/9-300x225.jpg\" data-width=\"300\" data-height=\"225\" aria-label=\"\" role=\"img\" ><\/div>\n\t\t\t\t\t\t\t\t\t\t\t<div class=\"elementor-gallery-item__overlay\"><\/div>\n\t\t\t\t\t\t\t\t\t\t\t\t\t\t<\/a>\n\t\t\t\t\t\t\t<a class=\"e-gallery-item elementor-gallery-item elementor-animated-content\" href=\"https:\/\/instantcourts.com\/instantpadel\/wp-content\/uploads\/sites\/2\/2021\/10\/18.jpg\" data-elementor-open-lightbox=\"yes\" data-elementor-lightbox-slideshow=\"45d5417\" data-elementor-lightbox-title=\"18\" data-e-action-hash=\"#elementor-action%3Aaction%3Dlightbox%26settings%3DeyJpZCI6OTgyLCJ1cmwiOiJodHRwczpcL1wvaW5zdGFudGNvdXJ0cy5jb21cL2luc3RhbnRwYWRlbFwvd3AtY29udGVudFwvdXBsb2Fkc1wvc2l0ZXNcLzJcLzIwMjFcLzEwXC8xOC5qcGciLCJzbGlkZXNob3ciOiI0NWQ1NDE3In0%3D\">\n\t\t\t\t\t<div class=\"e-gallery-image elementor-gallery-item__image\" data-thumbnail=\"https:\/\/instantcourts.com\/instantpadel\/wp-content\/uploads\/sites\/2\/2021\/10\/18-300x225.jpg\" data-width=\"300\" data-height=\"225\" aria-label=\"\" role=\"img\" ><\/div>\n\t\t\t\t\t\t\t\t\t\t\t<div class=\"elementor-gallery-item__overlay\"><\/div>\n\t\t\t\t\t\t\t\t\t\t\t\t\t\t<\/a>\n\t\t\t\t\t\t\t<a class=\"e-gallery-item elementor-gallery-item elementor-animated-content\" href=\"https:\/\/instantcourts.com\/instantpadel\/wp-content\/uploads\/sites\/2\/2021\/10\/22.jpg\" data-elementor-open-lightbox=\"yes\" data-elementor-lightbox-slideshow=\"45d5417\" data-elementor-lightbox-title=\"22\" data-e-action-hash=\"#elementor-action%3Aaction%3Dlightbox%26settings%3DeyJpZCI6OTc4LCJ1cmwiOiJodHRwczpcL1wvaW5zdGFudGNvdXJ0cy5jb21cL2luc3RhbnRwYWRlbFwvd3AtY29udGVudFwvdXBsb2Fkc1wvc2l0ZXNcLzJcLzIwMjFcLzEwXC8yMi5qcGciLCJzbGlkZXNob3ciOiI0NWQ1NDE3In0%3D\">\n\t\t\t\t\t<div class=\"e-gallery-image elementor-gallery-item__image\" data-thumbnail=\"https:\/\/instantcourts.com\/instantpadel\/wp-content\/uploads\/sites\/2\/2021\/10\/22-300x225.jpg\" data-width=\"300\" data-height=\"225\" aria-label=\"\" role=\"img\" ><\/div>\n\t\t\t\t\t\t\t\t\t\t\t<div class=\"elementor-gallery-item__overlay\"><\/div>\n\t\t\t\t\t\t\t\t\t\t\t\t\t\t<\/a>\n\t\t\t\t\t\t\t<a class=\"e-gallery-item elementor-gallery-item elementor-animated-content\" href=\"https:\/\/instantcourts.com\/instantpadel\/wp-content\/uploads\/sites\/2\/2021\/10\/34.jpg\" data-elementor-open-lightbox=\"yes\" data-elementor-lightbox-slideshow=\"45d5417\" data-elementor-lightbox-title=\"34\" data-e-action-hash=\"#elementor-action%3Aaction%3Dlightbox%26settings%3DeyJpZCI6OTY2LCJ1cmwiOiJodHRwczpcL1wvaW5zdGFudGNvdXJ0cy5jb21cL2luc3RhbnRwYWRlbFwvd3AtY29udGVudFwvdXBsb2Fkc1wvc2l0ZXNcLzJcLzIwMjFcLzEwXC8zNC5qcGciLCJzbGlkZXNob3ciOiI0NWQ1NDE3In0%3D\">\n\t\t\t\t\t<div class=\"e-gallery-image elementor-gallery-item__image\" data-thumbnail=\"https:\/\/instantcourts.com\/instantpadel\/wp-content\/uploads\/sites\/2\/2021\/10\/34-300x225.jpg\" data-width=\"300\" data-height=\"225\" aria-label=\"\" role=\"img\" ><\/div>\n\t\t\t\t\t\t\t\t\t\t\t<div class=\"elementor-gallery-item__overlay\"><\/div>\n\t\t\t\t\t\t\t\t\t\t\t\t\t\t<\/a>\n\t\t\t\t\t\t\t<a class=\"e-gallery-item elementor-gallery-item elementor-animated-content\" href=\"https:\/\/instantcourts.com\/instantpadel\/wp-content\/uploads\/sites\/2\/2021\/10\/40.jpg\" data-elementor-open-lightbox=\"yes\" data-elementor-lightbox-slideshow=\"45d5417\" data-elementor-lightbox-title=\"40\" data-e-action-hash=\"#elementor-action%3Aaction%3Dlightbox%26settings%3DeyJpZCI6OTYwLCJ1cmwiOiJodHRwczpcL1wvaW5zdGFudGNvdXJ0cy5jb21cL2luc3RhbnRwYWRlbFwvd3AtY29udGVudFwvdXBsb2Fkc1wvc2l0ZXNcLzJcLzIwMjFcLzEwXC80MC5qcGciLCJzbGlkZXNob3ciOiI0NWQ1NDE3In0%3D\">\n\t\t\t\t\t<div class=\"e-gallery-image elementor-gallery-item__image\" data-thumbnail=\"https:\/\/instantcourts.com\/instantpadel\/wp-content\/uploads\/sites\/2\/2021\/10\/40-300x225.jpg\" data-width=\"300\" data-height=\"225\" aria-label=\"\" role=\"img\" ><\/div>\n\t\t\t\t\t\t\t\t\t\t\t<div class=\"elementor-gallery-item__overlay\"><\/div>\n\t\t\t\t\t\t\t\t\t\t\t\t\t\t<\/a>\n\t\t\t\t\t<\/div>\n\t\t\t\t\t<\/div>\n\t\t\t\t<\/div>\n\t\t\t\t\t<\/div>\n\t\t<\/div>\n\t\t\t\t\t<\/div>\n\t\t<\/section>\n\t\t\t\t<\/div>\n\t\t","protected":false},"excerpt":{"rendered":"<p>InstantPadelin avulla seurat tarjoavat j\u00e4senilleen ja pelaajille j\u00e4nnitt\u00e4v\u00e4n mahdollisuuden parantaa terveytt\u00e4\u00e4n ja osallistua kilpailuihin. Kentt\u00e4 on pienikokoinen, verrattavissa puolen tenniskent\u00e4n pinta-alaan. InstantPadel-kent\u00e4t ovat s\u00e4\u00e4nkest\u00e4vi\u00e4, eiv\u00e4tk\u00e4 ne vaadi erityist\u00e4 huoltoa.<\/p>\n","protected":false},"author":3,"featured_media":1289,"parent":0,"menu_order":0,"comment_status":"closed","ping_status":"closed","template":"","meta":{"_acf_changed":false,"footnotes":""},"class_list":["post-3307","page","type-page","status-publish","has-post-thumbnail","hentry"],"yoast_head":"<!-- This site is optimized with the Yoast SEO plugin v27.4 - https:\/\/yoast.com\/product\/yoast-seo-wordpress\/ -->\n<title>Urheilua varten - Instantpadel<\/title>\n<meta name=\"robots\" content=\"index, follow, max-snippet:-1, max-image-preview:large, max-video-preview:-1\" \/>\n<link rel=\"canonical\" href=\"https:\/\/instantcourts.com\/instantpadel\/fi\/urheilua-varten\/\" \/>\n<meta property=\"og:locale\" content=\"en_US\" \/>\n<meta property=\"og:type\" content=\"article\" \/>\n<meta property=\"og:title\" content=\"Urheilua varten - Instantpadel\" \/>\n<meta property=\"og:description\" content=\"InstantPadelin avulla seurat tarjoavat j\u00e4senilleen ja pelaajille j\u00e4nnitt\u00e4v\u00e4n mahdollisuuden parantaa terveytt\u00e4\u00e4n ja osallistua kilpailuihin. Kentt\u00e4 on pienikokoinen, verrattavissa puolen tenniskent\u00e4n pinta-alaan. InstantPadel-kent\u00e4t ovat s\u00e4\u00e4nkest\u00e4vi\u00e4, eiv\u00e4tk\u00e4 ne vaadi erityist\u00e4 huoltoa.\" \/>\n<meta property=\"og:url\" content=\"https:\/\/instantcourts.com\/instantpadel\/fi\/urheilua-varten\/\" \/>\n<meta property=\"og:site_name\" content=\"Instantpadel\" \/>\n<meta property=\"article:publisher\" content=\"https:\/\/www.facebook.com\/Instantpadel\/\" \/>\n<meta property=\"article:modified_time\" content=\"2021-12-22T15:02:14+00:00\" \/>\n<meta property=\"og:image\" content=\"https:\/\/instantcourts.com\/instantpadel\/wp-content\/uploads\/sites\/2\/2021\/11\/image.jpeg\" \/>\n\t<meta property=\"og:image:width\" content=\"1480\" \/>\n\t<meta property=\"og:image:height\" content=\"832\" \/>\n\t<meta property=\"og:image:type\" content=\"image\/jpeg\" \/>\n<meta name=\"twitter:card\" content=\"summary_large_image\" \/>\n<meta name=\"twitter:label1\" content=\"Est. reading time\" \/>\n\t<meta name=\"twitter:data1\" content=\"1 minute\" \/>\n<script type=\"application\/ld+json\" class=\"yoast-schema-graph\">{\"@context\":\"https:\\\/\\\/schema.org\",\"@graph\":[{\"@type\":\"WebPage\",\"@id\":\"https:\\\/\\\/instantcourts.com\\\/instantpadel\\\/fi\\\/urheilua-varten\\\/\",\"url\":\"https:\\\/\\\/instantcourts.com\\\/instantpadel\\\/fi\\\/urheilua-varten\\\/\",\"name\":\"Urheilua varten - Instantpadel\",\"isPartOf\":{\"@id\":\"https:\\\/\\\/instantcourts.com\\\/instantpadel\\\/#website\"},\"primaryImageOfPage\":{\"@id\":\"https:\\\/\\\/instantcourts.com\\\/instantpadel\\\/fi\\\/urheilua-varten\\\/#primaryimage\"},\"image\":{\"@id\":\"https:\\\/\\\/instantcourts.com\\\/instantpadel\\\/fi\\\/urheilua-varten\\\/#primaryimage\"},\"thumbnailUrl\":\"https:\\\/\\\/instantcourts.com\\\/instantpadel\\\/wp-content\\\/uploads\\\/sites\\\/2\\\/2021\\\/11\\\/image.jpeg\",\"datePublished\":\"2021-12-22T11:00:56+00:00\",\"dateModified\":\"2021-12-22T15:02:14+00:00\",\"breadcrumb\":{\"@id\":\"https:\\\/\\\/instantcourts.com\\\/instantpadel\\\/fi\\\/urheilua-varten\\\/#breadcrumb\"},\"inLanguage\":\"en-US\",\"potentialAction\":[{\"@type\":\"ReadAction\",\"target\":[\"https:\\\/\\\/instantcourts.com\\\/instantpadel\\\/fi\\\/urheilua-varten\\\/\"]}]},{\"@type\":\"ImageObject\",\"inLanguage\":\"en-US\",\"@id\":\"https:\\\/\\\/instantcourts.com\\\/instantpadel\\\/fi\\\/urheilua-varten\\\/#primaryimage\",\"url\":\"https:\\\/\\\/instantcourts.com\\\/instantpadel\\\/wp-content\\\/uploads\\\/sites\\\/2\\\/2021\\\/11\\\/image.jpeg\",\"contentUrl\":\"https:\\\/\\\/instantcourts.com\\\/instantpadel\\\/wp-content\\\/uploads\\\/sites\\\/2\\\/2021\\\/11\\\/image.jpeg\",\"width\":1480,\"height\":832},{\"@type\":\"BreadcrumbList\",\"@id\":\"https:\\\/\\\/instantcourts.com\\\/instantpadel\\\/fi\\\/urheilua-varten\\\/#breadcrumb\",\"itemListElement\":[{\"@type\":\"ListItem\",\"position\":1,\"name\":\"Home\",\"item\":\"https:\\\/\\\/instantcourts.com\\\/instantpadel\\\/\"},{\"@type\":\"ListItem\",\"position\":2,\"name\":\"Urheilua varten\"}]},{\"@type\":\"WebSite\",\"@id\":\"https:\\\/\\\/instantcourts.com\\\/instantpadel\\\/#website\",\"url\":\"https:\\\/\\\/instantcourts.com\\\/instantpadel\\\/\",\"name\":\"Instantpadel\",\"description\":\"Padel Courts the clever way\",\"publisher\":{\"@id\":\"https:\\\/\\\/instantcourts.com\\\/instantpadel\\\/#organization\"},\"potentialAction\":[{\"@type\":\"SearchAction\",\"target\":{\"@type\":\"EntryPoint\",\"urlTemplate\":\"https:\\\/\\\/instantcourts.com\\\/instantpadel\\\/?s={search_term_string}\"},\"query-input\":{\"@type\":\"PropertyValueSpecification\",\"valueRequired\":true,\"valueName\":\"search_term_string\"}}],\"inLanguage\":\"en-US\"},{\"@type\":\"Organization\",\"@id\":\"https:\\\/\\\/instantcourts.com\\\/instantpadel\\\/#organization\",\"name\":\"Instantpadel\",\"url\":\"https:\\\/\\\/instantcourts.com\\\/instantpadel\\\/\",\"logo\":{\"@type\":\"ImageObject\",\"inLanguage\":\"en-US\",\"@id\":\"https:\\\/\\\/instantcourts.com\\\/instantpadel\\\/#\\\/schema\\\/logo\\\/image\\\/\",\"url\":\"https:\\\/\\\/instantcourts.com\\\/instantpadel\\\/wp-content\\\/uploads\\\/sites\\\/2\\\/Instantpadel.webp\",\"contentUrl\":\"https:\\\/\\\/instantcourts.com\\\/instantpadel\\\/wp-content\\\/uploads\\\/sites\\\/2\\\/Instantpadel.webp\",\"width\":2048,\"height\":2048,\"caption\":\"Instantpadel\"},\"image\":{\"@id\":\"https:\\\/\\\/instantcourts.com\\\/instantpadel\\\/#\\\/schema\\\/logo\\\/image\\\/\"},\"sameAs\":[\"https:\\\/\\\/www.facebook.com\\\/Instantpadel\\\/\",\"https:\\\/\\\/www.instagram.com\\\/instantpadel.eu\\\/\",\"https:\\\/\\\/in.linkedin.com\\\/company\\\/instantpadel\"]}]}<\/script>\n<!-- \/ Yoast SEO plugin. -->","yoast_head_json":{"title":"Urheilua varten - Instantpadel","robots":{"index":"index","follow":"follow","max-snippet":"max-snippet:-1","max-image-preview":"max-image-preview:large","max-video-preview":"max-video-preview:-1"},"canonical":"https:\/\/instantcourts.com\/instantpadel\/fi\/urheilua-varten\/","og_locale":"en_US","og_type":"article","og_title":"Urheilua varten - Instantpadel","og_description":"InstantPadelin avulla seurat tarjoavat j\u00e4senilleen ja pelaajille j\u00e4nnitt\u00e4v\u00e4n mahdollisuuden parantaa terveytt\u00e4\u00e4n ja osallistua kilpailuihin. Kentt\u00e4 on pienikokoinen, verrattavissa puolen tenniskent\u00e4n pinta-alaan. InstantPadel-kent\u00e4t ovat s\u00e4\u00e4nkest\u00e4vi\u00e4, eiv\u00e4tk\u00e4 ne vaadi erityist\u00e4 huoltoa.","og_url":"https:\/\/instantcourts.com\/instantpadel\/fi\/urheilua-varten\/","og_site_name":"Instantpadel","article_publisher":"https:\/\/www.facebook.com\/Instantpadel\/","article_modified_time":"2021-12-22T15:02:14+00:00","og_image":[{"width":1480,"height":832,"url":"https:\/\/instantcourts.com\/instantpadel\/wp-content\/uploads\/sites\/2\/2021\/11\/image.jpeg","type":"image\/jpeg"}],"twitter_card":"summary_large_image","twitter_misc":{"Est. reading time":"1 minute"},"schema":{"@context":"https:\/\/schema.org","@graph":[{"@type":"WebPage","@id":"https:\/\/instantcourts.com\/instantpadel\/fi\/urheilua-varten\/","url":"https:\/\/instantcourts.com\/instantpadel\/fi\/urheilua-varten\/","name":"Urheilua varten - Instantpadel","isPartOf":{"@id":"https:\/\/instantcourts.com\/instantpadel\/#website"},"primaryImageOfPage":{"@id":"https:\/\/instantcourts.com\/instantpadel\/fi\/urheilua-varten\/#primaryimage"},"image":{"@id":"https:\/\/instantcourts.com\/instantpadel\/fi\/urheilua-varten\/#primaryimage"},"thumbnailUrl":"https:\/\/instantcourts.com\/instantpadel\/wp-content\/uploads\/sites\/2\/2021\/11\/image.jpeg","datePublished":"2021-12-22T11:00:56+00:00","dateModified":"2021-12-22T15:02:14+00:00","breadcrumb":{"@id":"https:\/\/instantcourts.com\/instantpadel\/fi\/urheilua-varten\/#breadcrumb"},"inLanguage":"en-US","potentialAction":[{"@type":"ReadAction","target":["https:\/\/instantcourts.com\/instantpadel\/fi\/urheilua-varten\/"]}]},{"@type":"ImageObject","inLanguage":"en-US","@id":"https:\/\/instantcourts.com\/instantpadel\/fi\/urheilua-varten\/#primaryimage","url":"https:\/\/instantcourts.com\/instantpadel\/wp-content\/uploads\/sites\/2\/2021\/11\/image.jpeg","contentUrl":"https:\/\/instantcourts.com\/instantpadel\/wp-content\/uploads\/sites\/2\/2021\/11\/image.jpeg","width":1480,"height":832},{"@type":"BreadcrumbList","@id":"https:\/\/instantcourts.com\/instantpadel\/fi\/urheilua-varten\/#breadcrumb","itemListElement":[{"@type":"ListItem","position":1,"name":"Home","item":"https:\/\/instantcourts.com\/instantpadel\/"},{"@type":"ListItem","position":2,"name":"Urheilua varten"}]},{"@type":"WebSite","@id":"https:\/\/instantcourts.com\/instantpadel\/#website","url":"https:\/\/instantcourts.com\/instantpadel\/","name":"Instantpadel","description":"Padel Courts the clever way","publisher":{"@id":"https:\/\/instantcourts.com\/instantpadel\/#organization"},"potentialAction":[{"@type":"SearchAction","target":{"@type":"EntryPoint","urlTemplate":"https:\/\/instantcourts.com\/instantpadel\/?s={search_term_string}"},"query-input":{"@type":"PropertyValueSpecification","valueRequired":true,"valueName":"search_term_string"}}],"inLanguage":"en-US"},{"@type":"Organization","@id":"https:\/\/instantcourts.com\/instantpadel\/#organization","name":"Instantpadel","url":"https:\/\/instantcourts.com\/instantpadel\/","logo":{"@type":"ImageObject","inLanguage":"en-US","@id":"https:\/\/instantcourts.com\/instantpadel\/#\/schema\/logo\/image\/","url":"https:\/\/instantcourts.com\/instantpadel\/wp-content\/uploads\/sites\/2\/Instantpadel.webp","contentUrl":"https:\/\/instantcourts.com\/instantpadel\/wp-content\/uploads\/sites\/2\/Instantpadel.webp","width":2048,"height":2048,"caption":"Instantpadel"},"image":{"@id":"https:\/\/instantcourts.com\/instantpadel\/#\/schema\/logo\/image\/"},"sameAs":["https:\/\/www.facebook.com\/Instantpadel\/","https:\/\/www.instagram.com\/instantpadel.eu\/","https:\/\/in.linkedin.com\/company\/instantpadel"]}]}},"acf":[],"_links":{"self":[{"href":"https:\/\/instantcourts.com\/instantpadel\/wp-json\/wp\/v2\/pages\/3307","targetHints":{"allow":["GET"]}}],"collection":[{"href":"https:\/\/instantcourts.com\/instantpadel\/wp-json\/wp\/v2\/pages"}],"about":[{"href":"https:\/\/instantcourts.com\/instantpadel\/wp-json\/wp\/v2\/types\/page"}],"author":[{"embeddable":true,"href":"https:\/\/instantcourts.com\/instantpadel\/wp-json\/wp\/v2\/users\/3"}],"replies":[{"embeddable":true,"href":"https:\/\/instantcourts.com\/instantpadel\/wp-json\/wp\/v2\/comments?post=3307"}],"version-history":[{"count":0,"href":"https:\/\/instantcourts.com\/instantpadel\/wp-json\/wp\/v2\/pages\/3307\/revisions"}],"wp:featuredmedia":[{"embeddable":true,"href":"https:\/\/instantcourts.com\/instantpadel\/wp-json\/wp\/v2\/media\/1289"}],"wp:attachment":[{"href":"https:\/\/instantcourts.com\/instantpadel\/wp-json\/wp\/v2\/media?parent=3307"}],"curies":[{"name":"wp","href":"https:\/\/api.w.org\/{rel}","templated":true}]}}