{"id":470,"date":"2021-10-04T11:21:42","date_gmt":"2021-10-04T11:21:42","guid":{"rendered":"https:\/\/instantpadel.eu\/?page_id=470"},"modified":"2023-10-31T10:48:13","modified_gmt":"2023-10-31T10:48:13","slug":"uber","status":"publish","type":"page","link":"https:\/\/instantcourts.com\/instantpadel\/de\/uber\/","title":{"rendered":"\u00dcber"},"content":{"rendered":"\t\t<div data-elementor-type=\"wp-page\" data-elementor-id=\"470\" class=\"elementor elementor-470\" data-elementor-post-type=\"page\">\n\t\t\t\t\t\t<section class=\"elementor-section elementor-top-section elementor-element elementor-element-8c64be2 elementor-section-boxed elementor-section-height-default elementor-section-height-default\" data-id=\"8c64be2\" data-element_type=\"section\" data-e-type=\"section\">\n\t\t\t\t\t\t<div class=\"elementor-container elementor-column-gap-default\">\n\t\t\t\t\t<div class=\"elementor-column elementor-col-100 elementor-top-column elementor-element elementor-element-91855df\" data-id=\"91855df\" data-element_type=\"column\" data-e-type=\"column\">\n\t\t\t<div class=\"elementor-widget-wrap elementor-element-populated\">\n\t\t\t\t\t\t<div class=\"elementor-element elementor-element-dc1196b elementor-widget elementor-widget-heading\" data-id=\"dc1196b\" data-element_type=\"widget\" data-e-type=\"widget\" data-widget_type=\"heading.default\">\n\t\t\t\t<div class=\"elementor-widget-container\">\n\t\t\t\t\t<h2 class=\"elementor-heading-title elementor-size-default\">\u00dcber uns<\/h2>\t\t\t\t<\/div>\n\t\t\t\t<\/div>\n\t\t\t\t<div class=\"elementor-element elementor-element-445f281 elementor-widget elementor-widget-text-editor\" data-id=\"445f281\" data-element_type=\"widget\" data-e-type=\"widget\" data-widget_type=\"text-editor.default\">\n\t\t\t\t<div class=\"elementor-widget-container\">\n\t\t\t\t\t\t\t\t\t<p>Das Expansionstempo des gehypten Schl\u00e4gersports Padel ist beispiellos in der schwedischen Sportgeschichte. Obwohl neue Wege wie Pilze aus dem Boden zu schie\u00dfen scheinen, scheinen wir nicht genug zu bekommen. Jetzt wird ein intelligentes, kosteng\u00fcnstiges, leicht zu montierendes und weltweit einzigartiges schwedisches Design vorgestellt, das den Sport in einer Vielzahl von Kontexten und Umgebungen zug\u00e4nglich macht. In Rekordzeit und praktisch \u00fcberall.<\/p>\n<p>Es sind die beiden Paddel-Enthusiasten und Tech-Unternehmer Christoffer Granfelt (Mitbegr\u00fcnder von Epicenter) und Magnus Berglund (CEO und Mitbegr\u00fcnder von Iapps), die ihre klugen K\u00f6pfe zusammensteckten und das Konzept entwickelten, f\u00fcr das sie dann den renommierten spanischen Bahnarchitekten Fernando Cancuas Liopis engagierten. Se\u00f1or Liopis ist der Chefarchitekt und Miteigent\u00fcmer des Padelcourt Deluxe in Alicante. Das Markenzeichen von Padelcourtdeluxe ist die Verbindung von Design, Exklusivit\u00e4t, Qualit\u00e4t und Funktion auf h\u00f6chstem Niveau.<\/p>\t\t\t\t\t\t\t\t<\/div>\n\t\t\t\t<\/div>\n\t\t\t\t<div class=\"elementor-element elementor-element-3f6e262 elementor-widget elementor-widget-heading\" data-id=\"3f6e262\" data-element_type=\"widget\" data-e-type=\"widget\" data-widget_type=\"heading.default\">\n\t\t\t\t<div class=\"elementor-widget-container\">\n\t\t\t\t\t<h2 class=\"elementor-heading-title elementor-size-default\">F\u00fchrungsqualit\u00e4ten<\/h2>\t\t\t\t<\/div>\n\t\t\t\t<\/div>\n\t\t\t\t<section class=\"elementor-section elementor-inner-section elementor-element elementor-element-ef759e8 elementor-section-boxed elementor-section-height-default elementor-section-height-default\" data-id=\"ef759e8\" data-element_type=\"section\" data-e-type=\"section\">\n\t\t\t\t\t\t<div class=\"elementor-container elementor-column-gap-default\">\n\t\t\t\t\t<div class=\"elementor-column elementor-col-33 elementor-inner-column elementor-element elementor-element-b904935\" data-id=\"b904935\" data-element_type=\"column\" data-e-type=\"column\">\n\t\t\t<div class=\"elementor-widget-wrap\">\n\t\t\t\t\t\t\t<\/div>\n\t\t<\/div>\n\t\t\t\t<div class=\"elementor-column elementor-col-33 elementor-inner-column elementor-element elementor-element-fa43b29\" data-id=\"fa43b29\" data-element_type=\"column\" data-e-type=\"column\">\n\t\t\t<div class=\"elementor-widget-wrap\">\n\t\t\t\t\t\t\t<\/div>\n\t\t<\/div>\n\t\t\t\t<div class=\"elementor-column elementor-col-33 elementor-inner-column elementor-element elementor-element-69a09f3\" data-id=\"69a09f3\" data-element_type=\"column\" data-e-type=\"column\">\n\t\t\t<div class=\"elementor-widget-wrap\">\n\t\t\t\t\t\t\t<\/div>\n\t\t<\/div>\n\t\t\t\t\t<\/div>\n\t\t<\/section>\n\t\t\t\t<div class=\"elementor-element elementor-element-19a1a27 elementor-widget elementor-widget-heading\" data-id=\"19a1a27\" data-element_type=\"widget\" data-e-type=\"widget\" data-widget_type=\"heading.default\">\n\t\t\t\t<div class=\"elementor-widget-container\">\n\t\t\t\t\t<h2 class=\"elementor-heading-title elementor-size-default\">Partner<\/h2>\t\t\t\t<\/div>\n\t\t\t\t<\/div>\n\t\t\t\t<section class=\"elementor-section elementor-inner-section elementor-element elementor-element-6024592 elementor-section-boxed elementor-section-height-default elementor-section-height-default\" data-id=\"6024592\" data-element_type=\"section\" data-e-type=\"section\">\n\t\t\t\t\t\t<div class=\"elementor-container elementor-column-gap-default\">\n\t\t\t\t\t<div class=\"elementor-column elementor-col-33 elementor-inner-column elementor-element elementor-element-8988729\" data-id=\"8988729\" data-element_type=\"column\" data-e-type=\"column\">\n\t\t\t<div class=\"elementor-widget-wrap\">\n\t\t\t\t\t\t\t<\/div>\n\t\t<\/div>\n\t\t\t\t<div class=\"elementor-column elementor-col-33 elementor-inner-column elementor-element elementor-element-97929be\" data-id=\"97929be\" data-element_type=\"column\" data-e-type=\"column\">\n\t\t\t<div class=\"elementor-widget-wrap\">\n\t\t\t\t\t\t\t<\/div>\n\t\t<\/div>\n\t\t\t\t<div class=\"elementor-column elementor-col-33 elementor-inner-column elementor-element elementor-element-71d449a\" data-id=\"71d449a\" data-element_type=\"column\" data-e-type=\"column\">\n\t\t\t<div class=\"elementor-widget-wrap\">\n\t\t\t\t\t\t\t<\/div>\n\t\t<\/div>\n\t\t\t\t\t<\/div>\n\t\t<\/section>\n\t\t\t\t\t<\/div>\n\t\t<\/div>\n\t\t\t\t\t<\/div>\n\t\t<\/section>\n\t\t\t\t<\/div>\n\t\t","protected":false},"excerpt":{"rendered":"<p>\u00dcber uns Das Expansionstempo des gehypten Schl\u00e4gersports Padel ist beispiellos in der schwedischen Sportgeschichte. Obwohl neue Wege wie Pilze aus dem Boden zu schie\u00dfen scheinen, scheinen wir nicht genug zu bekommen. Jetzt wird ein intelligentes, kosteng\u00fcnstiges, leicht zu montierendes und weltweit einzigartiges schwedisches Design vorgestellt, das den Sport in einer Vielzahl von Kontexten und Umgebungen [&hellip;]<\/p>\n","protected":false},"author":3,"featured_media":1289,"parent":0,"menu_order":0,"comment_status":"closed","ping_status":"closed","template":"","meta":{"_acf_changed":false,"footnotes":""},"class_list":["post-470","page","type-page","status-publish","has-post-thumbnail","hentry"],"yoast_head":"<!-- This site is optimized with the Yoast SEO plugin v27.5 - https:\/\/yoast.com\/product\/yoast-seo-wordpress\/ -->\n<title>\u00dcber - Instantpadel<\/title>\n<meta name=\"robots\" content=\"index, follow, max-snippet:-1, max-image-preview:large, max-video-preview:-1\" \/>\n<link rel=\"canonical\" href=\"https:\/\/instantcourts.com\/instantpadel\/de\/uber\/\" \/>\n<meta property=\"og:locale\" content=\"en_US\" \/>\n<meta property=\"og:type\" content=\"article\" \/>\n<meta property=\"og:title\" content=\"\u00dcber - Instantpadel\" \/>\n<meta property=\"og:description\" content=\"\u00dcber uns Das Expansionstempo des gehypten Schl\u00e4gersports Padel ist beispiellos in der schwedischen Sportgeschichte. Obwohl neue Wege wie Pilze aus dem Boden zu schie\u00dfen scheinen, scheinen wir nicht genug zu bekommen. Jetzt wird ein intelligentes, kosteng\u00fcnstiges, leicht zu montierendes und weltweit einzigartiges schwedisches Design vorgestellt, das den Sport in einer Vielzahl von Kontexten und Umgebungen [&hellip;]\" \/>\n<meta property=\"og:url\" content=\"https:\/\/instantcourts.com\/instantpadel\/de\/uber\/\" \/>\n<meta property=\"og:site_name\" content=\"Instantpadel\" \/>\n<meta property=\"article:publisher\" content=\"https:\/\/www.facebook.com\/Instantpadel\/\" \/>\n<meta property=\"article:modified_time\" content=\"2023-10-31T10:48:13+00:00\" \/>\n<meta property=\"og:image\" content=\"https:\/\/instantcourts.com\/instantpadel\/wp-content\/uploads\/sites\/2\/2021\/11\/image.jpeg\" \/>\n\t<meta property=\"og:image:width\" content=\"1480\" \/>\n\t<meta property=\"og:image:height\" content=\"832\" \/>\n\t<meta property=\"og:image:type\" content=\"image\/jpeg\" \/>\n<meta name=\"twitter:card\" content=\"summary_large_image\" \/>\n<meta name=\"twitter:label1\" content=\"Est. reading time\" \/>\n\t<meta name=\"twitter:data1\" content=\"3 minutes\" \/>\n<script type=\"application\/ld+json\" class=\"yoast-schema-graph\">{\"@context\":\"https:\\\/\\\/schema.org\",\"@graph\":[{\"@type\":\"WebPage\",\"@id\":\"https:\\\/\\\/instantcourts.com\\\/instantpadel\\\/de\\\/uber\\\/\",\"url\":\"https:\\\/\\\/instantcourts.com\\\/instantpadel\\\/de\\\/uber\\\/\",\"name\":\"\u00dcber - Instantpadel\",\"isPartOf\":{\"@id\":\"https:\\\/\\\/instantcourts.com\\\/instantpadel\\\/#website\"},\"primaryImageOfPage\":{\"@id\":\"https:\\\/\\\/instantcourts.com\\\/instantpadel\\\/de\\\/uber\\\/#primaryimage\"},\"image\":{\"@id\":\"https:\\\/\\\/instantcourts.com\\\/instantpadel\\\/de\\\/uber\\\/#primaryimage\"},\"thumbnailUrl\":\"https:\\\/\\\/instantcourts.com\\\/instantpadel\\\/wp-content\\\/uploads\\\/sites\\\/2\\\/2021\\\/11\\\/image.jpeg\",\"datePublished\":\"2021-10-04T11:21:42+00:00\",\"dateModified\":\"2023-10-31T10:48:13+00:00\",\"breadcrumb\":{\"@id\":\"https:\\\/\\\/instantcourts.com\\\/instantpadel\\\/de\\\/uber\\\/#breadcrumb\"},\"inLanguage\":\"en-US\",\"potentialAction\":[{\"@type\":\"ReadAction\",\"target\":[\"https:\\\/\\\/instantcourts.com\\\/instantpadel\\\/de\\\/uber\\\/\"]}]},{\"@type\":\"ImageObject\",\"inLanguage\":\"en-US\",\"@id\":\"https:\\\/\\\/instantcourts.com\\\/instantpadel\\\/de\\\/uber\\\/#primaryimage\",\"url\":\"https:\\\/\\\/instantcourts.com\\\/instantpadel\\\/wp-content\\\/uploads\\\/sites\\\/2\\\/2021\\\/11\\\/image.jpeg\",\"contentUrl\":\"https:\\\/\\\/instantcourts.com\\\/instantpadel\\\/wp-content\\\/uploads\\\/sites\\\/2\\\/2021\\\/11\\\/image.jpeg\",\"width\":1480,\"height\":832},{\"@type\":\"BreadcrumbList\",\"@id\":\"https:\\\/\\\/instantcourts.com\\\/instantpadel\\\/de\\\/uber\\\/#breadcrumb\",\"itemListElement\":[{\"@type\":\"ListItem\",\"position\":1,\"name\":\"Home\",\"item\":\"https:\\\/\\\/instantcourts.com\\\/instantpadel\\\/\"},{\"@type\":\"ListItem\",\"position\":2,\"name\":\"\u00dcber\"}]},{\"@type\":\"WebSite\",\"@id\":\"https:\\\/\\\/instantcourts.com\\\/instantpadel\\\/#website\",\"url\":\"https:\\\/\\\/instantcourts.com\\\/instantpadel\\\/\",\"name\":\"Instantpadel\",\"description\":\"Padel Courts the clever way\",\"publisher\":{\"@id\":\"https:\\\/\\\/instantcourts.com\\\/instantpadel\\\/#organization\"},\"potentialAction\":[{\"@type\":\"SearchAction\",\"target\":{\"@type\":\"EntryPoint\",\"urlTemplate\":\"https:\\\/\\\/instantcourts.com\\\/instantpadel\\\/?s={search_term_string}\"},\"query-input\":{\"@type\":\"PropertyValueSpecification\",\"valueRequired\":true,\"valueName\":\"search_term_string\"}}],\"inLanguage\":\"en-US\"},{\"@type\":\"Organization\",\"@id\":\"https:\\\/\\\/instantcourts.com\\\/instantpadel\\\/#organization\",\"name\":\"Instantpadel\",\"url\":\"https:\\\/\\\/instantcourts.com\\\/instantpadel\\\/\",\"logo\":{\"@type\":\"ImageObject\",\"inLanguage\":\"en-US\",\"@id\":\"https:\\\/\\\/instantcourts.com\\\/instantpadel\\\/#\\\/schema\\\/logo\\\/image\\\/\",\"url\":\"https:\\\/\\\/instantcourts.com\\\/instantpadel\\\/wp-content\\\/uploads\\\/sites\\\/2\\\/Instantpadel.webp\",\"contentUrl\":\"https:\\\/\\\/instantcourts.com\\\/instantpadel\\\/wp-content\\\/uploads\\\/sites\\\/2\\\/Instantpadel.webp\",\"width\":2048,\"height\":2048,\"caption\":\"Instantpadel\"},\"image\":{\"@id\":\"https:\\\/\\\/instantcourts.com\\\/instantpadel\\\/#\\\/schema\\\/logo\\\/image\\\/\"},\"sameAs\":[\"https:\\\/\\\/www.facebook.com\\\/Instantpadel\\\/\",\"https:\\\/\\\/www.instagram.com\\\/instantpadel.eu\\\/\",\"https:\\\/\\\/in.linkedin.com\\\/company\\\/instantpadel\"]}]}<\/script>\n<!-- \/ Yoast SEO plugin. -->","yoast_head_json":{"title":"\u00dcber - Instantpadel","robots":{"index":"index","follow":"follow","max-snippet":"max-snippet:-1","max-image-preview":"max-image-preview:large","max-video-preview":"max-video-preview:-1"},"canonical":"https:\/\/instantcourts.com\/instantpadel\/de\/uber\/","og_locale":"en_US","og_type":"article","og_title":"\u00dcber - Instantpadel","og_description":"\u00dcber uns Das Expansionstempo des gehypten Schl\u00e4gersports Padel ist beispiellos in der schwedischen Sportgeschichte. Obwohl neue Wege wie Pilze aus dem Boden zu schie\u00dfen scheinen, scheinen wir nicht genug zu bekommen. Jetzt wird ein intelligentes, kosteng\u00fcnstiges, leicht zu montierendes und weltweit einzigartiges schwedisches Design vorgestellt, das den Sport in einer Vielzahl von Kontexten und Umgebungen [&hellip;]","og_url":"https:\/\/instantcourts.com\/instantpadel\/de\/uber\/","og_site_name":"Instantpadel","article_publisher":"https:\/\/www.facebook.com\/Instantpadel\/","article_modified_time":"2023-10-31T10:48:13+00:00","og_image":[{"width":1480,"height":832,"url":"https:\/\/instantcourts.com\/instantpadel\/wp-content\/uploads\/sites\/2\/2021\/11\/image.jpeg","type":"image\/jpeg"}],"twitter_card":"summary_large_image","twitter_misc":{"Est. reading time":"3 minutes"},"schema":{"@context":"https:\/\/schema.org","@graph":[{"@type":"WebPage","@id":"https:\/\/instantcourts.com\/instantpadel\/de\/uber\/","url":"https:\/\/instantcourts.com\/instantpadel\/de\/uber\/","name":"\u00dcber - Instantpadel","isPartOf":{"@id":"https:\/\/instantcourts.com\/instantpadel\/#website"},"primaryImageOfPage":{"@id":"https:\/\/instantcourts.com\/instantpadel\/de\/uber\/#primaryimage"},"image":{"@id":"https:\/\/instantcourts.com\/instantpadel\/de\/uber\/#primaryimage"},"thumbnailUrl":"https:\/\/instantcourts.com\/instantpadel\/wp-content\/uploads\/sites\/2\/2021\/11\/image.jpeg","datePublished":"2021-10-04T11:21:42+00:00","dateModified":"2023-10-31T10:48:13+00:00","breadcrumb":{"@id":"https:\/\/instantcourts.com\/instantpadel\/de\/uber\/#breadcrumb"},"inLanguage":"en-US","potentialAction":[{"@type":"ReadAction","target":["https:\/\/instantcourts.com\/instantpadel\/de\/uber\/"]}]},{"@type":"ImageObject","inLanguage":"en-US","@id":"https:\/\/instantcourts.com\/instantpadel\/de\/uber\/#primaryimage","url":"https:\/\/instantcourts.com\/instantpadel\/wp-content\/uploads\/sites\/2\/2021\/11\/image.jpeg","contentUrl":"https:\/\/instantcourts.com\/instantpadel\/wp-content\/uploads\/sites\/2\/2021\/11\/image.jpeg","width":1480,"height":832},{"@type":"BreadcrumbList","@id":"https:\/\/instantcourts.com\/instantpadel\/de\/uber\/#breadcrumb","itemListElement":[{"@type":"ListItem","position":1,"name":"Home","item":"https:\/\/instantcourts.com\/instantpadel\/"},{"@type":"ListItem","position":2,"name":"\u00dcber"}]},{"@type":"WebSite","@id":"https:\/\/instantcourts.com\/instantpadel\/#website","url":"https:\/\/instantcourts.com\/instantpadel\/","name":"Instantpadel","description":"Padel Courts the clever way","publisher":{"@id":"https:\/\/instantcourts.com\/instantpadel\/#organization"},"potentialAction":[{"@type":"SearchAction","target":{"@type":"EntryPoint","urlTemplate":"https:\/\/instantcourts.com\/instantpadel\/?s={search_term_string}"},"query-input":{"@type":"PropertyValueSpecification","valueRequired":true,"valueName":"search_term_string"}}],"inLanguage":"en-US"},{"@type":"Organization","@id":"https:\/\/instantcourts.com\/instantpadel\/#organization","name":"Instantpadel","url":"https:\/\/instantcourts.com\/instantpadel\/","logo":{"@type":"ImageObject","inLanguage":"en-US","@id":"https:\/\/instantcourts.com\/instantpadel\/#\/schema\/logo\/image\/","url":"https:\/\/instantcourts.com\/instantpadel\/wp-content\/uploads\/sites\/2\/Instantpadel.webp","contentUrl":"https:\/\/instantcourts.com\/instantpadel\/wp-content\/uploads\/sites\/2\/Instantpadel.webp","width":2048,"height":2048,"caption":"Instantpadel"},"image":{"@id":"https:\/\/instantcourts.com\/instantpadel\/#\/schema\/logo\/image\/"},"sameAs":["https:\/\/www.facebook.com\/Instantpadel\/","https:\/\/www.instagram.com\/instantpadel.eu\/","https:\/\/in.linkedin.com\/company\/instantpadel"]}]}},"acf":[],"_links":{"self":[{"href":"https:\/\/instantcourts.com\/instantpadel\/wp-json\/wp\/v2\/pages\/470","targetHints":{"allow":["GET"]}}],"collection":[{"href":"https:\/\/instantcourts.com\/instantpadel\/wp-json\/wp\/v2\/pages"}],"about":[{"href":"https:\/\/instantcourts.com\/instantpadel\/wp-json\/wp\/v2\/types\/page"}],"author":[{"embeddable":true,"href":"https:\/\/instantcourts.com\/instantpadel\/wp-json\/wp\/v2\/users\/3"}],"replies":[{"embeddable":true,"href":"https:\/\/instantcourts.com\/instantpadel\/wp-json\/wp\/v2\/comments?post=470"}],"version-history":[{"count":2,"href":"https:\/\/instantcourts.com\/instantpadel\/wp-json\/wp\/v2\/pages\/470\/revisions"}],"predecessor-version":[{"id":8068,"href":"https:\/\/instantcourts.com\/instantpadel\/wp-json\/wp\/v2\/pages\/470\/revisions\/8068"}],"wp:featuredmedia":[{"embeddable":true,"href":"https:\/\/instantcourts.com\/instantpadel\/wp-json\/wp\/v2\/media\/1289"}],"wp:attachment":[{"href":"https:\/\/instantcourts.com\/instantpadel\/wp-json\/wp\/v2\/media?parent=470"}],"curies":[{"name":"wp","href":"https:\/\/api.w.org\/{rel}","templated":true}]}}